{"id":1828,"date":"2023-12-04T16:53:16","date_gmt":"2023-12-04T15:53:16","guid":{"rendered":"https:\/\/proyectopoliniza.es\/?page_id=1828"},"modified":"2023-12-18T20:01:29","modified_gmt":"2023-12-18T19:01:29","slug":"nerea","status":"publish","type":"page","link":"https:\/\/proyectopoliniza.es\/?page_id=1828","title":{"rendered":"nerea"},"content":{"rendered":"\t\t<div data-elementor-type=\"wp-page\" data-elementor-id=\"1828\" class=\"elementor elementor-1828\">\n\t\t\t\t\t\t\t<div class=\"elementor-element elementor-element-b9e04e0 e-flex e-con-boxed e-con e-parent\" data-id=\"b9e04e0\" data-element_type=\"container\" data-settings=\"{&quot;content_width&quot;:&quot;boxed&quot;}\" data-core-v316-plus=\"true\">\n\t\t\t\t\t<div class=\"e-con-inner\">\n\t\t\t\t<div class=\"elementor-element elementor-element-fc77780 elementor-widget__width-initial elementor-widget elementor-widget-image\" data-id=\"fc77780\" data-element_type=\"widget\" data-widget_type=\"image.default\">\n\t\t\t\t<div class=\"elementor-widget-container\">\n\t\t\t<style>\/*! elementor - v3.17.0 - 08-11-2023 *\/\n.elementor-widget-image{text-align:center}.elementor-widget-image a{display:inline-block}.elementor-widget-image a img[src$=\".svg\"]{width:48px}.elementor-widget-image img{vertical-align:middle;display:inline-block}<\/style>\t\t\t\t\t\t\t\t\t\t\t\t<img fetchpriority=\"high\" decoding=\"async\" width=\"1024\" height=\"724\" src=\"https:\/\/proyectopoliniza.es\/wp-content\/uploads\/2023\/12\/Mariposa-dani-1024x724.png\" class=\"attachment-large size-large wp-image-1904\" alt=\"\" srcset=\"https:\/\/proyectopoliniza.es\/wp-content\/uploads\/2023\/12\/Mariposa-dani-1024x724.png 1024w, https:\/\/proyectopoliniza.es\/wp-content\/uploads\/2023\/12\/Mariposa-dani-300x212.png 300w, https:\/\/proyectopoliniza.es\/wp-content\/uploads\/2023\/12\/Mariposa-dani-768x543.png 768w, https:\/\/proyectopoliniza.es\/wp-content\/uploads\/2023\/12\/Mariposa-dani-1536x1086.png 1536w, https:\/\/proyectopoliniza.es\/wp-content\/uploads\/2023\/12\/Mariposa-dani-2048x1448.png 2048w\" sizes=\"(max-width: 1024px) 100vw, 1024px\" \/>\t\t\t\t\t\t\t\t\t\t\t\t\t\t\t<\/div>\n\t\t\t\t<\/div>\n\t\t\t\t\t<\/div>\n\t\t\t\t<\/div>\n\t\t<div class=\"elementor-element elementor-element-38294cc e-flex e-con-boxed e-con e-parent\" data-id=\"38294cc\" data-element_type=\"container\" data-settings=\"{&quot;content_width&quot;:&quot;boxed&quot;}\" data-core-v316-plus=\"true\">\n\t\t\t\t\t<div class=\"e-con-inner\">\n\t\t<div class=\"elementor-element elementor-element-2324bb5 e-con-full e-flex e-con e-child\" data-id=\"2324bb5\" data-element_type=\"container\" data-settings=\"{&quot;content_width&quot;:&quot;full&quot;}\">\n\t\t\t\t<div class=\"elementor-element elementor-element-8e61577 elementor-widget elementor-widget-heading\" data-id=\"8e61577\" data-element_type=\"widget\" data-widget_type=\"heading.default\">\n\t\t\t\t<div class=\"elementor-widget-container\">\n\t\t\t<style>\/*! elementor - v3.17.0 - 08-11-2023 *\/\n.elementor-heading-title{padding:0;margin:0;line-height:1}.elementor-widget-heading .elementor-heading-title[class*=elementor-size-]>a{color:inherit;font-size:inherit;line-height:inherit}.elementor-widget-heading .elementor-heading-title.elementor-size-small{font-size:15px}.elementor-widget-heading .elementor-heading-title.elementor-size-medium{font-size:19px}.elementor-widget-heading .elementor-heading-title.elementor-size-large{font-size:29px}.elementor-widget-heading .elementor-heading-title.elementor-size-xl{font-size:39px}.elementor-widget-heading .elementor-heading-title.elementor-size-xxl{font-size:59px}<\/style><h2 class=\"elementor-heading-title elementor-size-default\">MAPA O PROTEA <\/h2>\t\t<\/div>\n\t\t\t\t<\/div>\n\t\t\t\t<\/div>\n\t\t<div class=\"elementor-element elementor-element-bb89bd4 e-con-full e-flex e-con e-child\" data-id=\"bb89bd4\" data-element_type=\"container\" data-settings=\"{&quot;content_width&quot;:&quot;full&quot;}\">\n\t\t\t\t<div class=\"elementor-element elementor-element-d3005c7 elementor-widget elementor-widget-heading\" data-id=\"d3005c7\" data-element_type=\"widget\" data-widget_type=\"heading.default\">\n\t\t\t\t<div class=\"elementor-widget-container\">\n\t\t\t<h6 class=\"elementor-heading-title elementor-size-default\">(Araschnia levana)<\/h6>\t\t<\/div>\n\t\t\t\t<\/div>\n\t\t\t\t<\/div>\n\t\t<div class=\"elementor-element elementor-element-7dd793c e-con-full e-flex e-con e-child\" data-id=\"7dd793c\" data-element_type=\"container\" data-settings=\"{&quot;content_width&quot;:&quot;full&quot;}\">\n\t\t\t\t<div class=\"elementor-element elementor-element-429740a elementor-widget elementor-widget-heading\" data-id=\"429740a\" data-element_type=\"widget\" data-widget_type=\"heading.default\">\n\t\t\t\t<div class=\"elementor-widget-container\">\n\t\t\t<h2 class=\"elementor-heading-title elementor-size-small\">Ilustrado por Daniel diaz Salas (Instagram: @naiv_ilustration)<\/h2>\t\t<\/div>\n\t\t\t\t<\/div>\n\t\t\t\t<div class=\"elementor-element elementor-element-7cee625 elementor-widget elementor-widget-text-editor\" data-id=\"7cee625\" data-element_type=\"widget\" data-widget_type=\"text-editor.default\">\n\t\t\t\t<div class=\"elementor-widget-container\">\n\t\t\t<style>\/*! elementor - v3.17.0 - 08-11-2023 *\/\n.elementor-widget-text-editor.elementor-drop-cap-view-stacked .elementor-drop-cap{background-color:#69727d;color:#fff}.elementor-widget-text-editor.elementor-drop-cap-view-framed .elementor-drop-cap{color:#69727d;border:3px solid;background-color:transparent}.elementor-widget-text-editor:not(.elementor-drop-cap-view-default) .elementor-drop-cap{margin-top:8px}.elementor-widget-text-editor:not(.elementor-drop-cap-view-default) .elementor-drop-cap-letter{width:1em;height:1em}.elementor-widget-text-editor .elementor-drop-cap{float:left;text-align:center;line-height:1;font-size:50px}.elementor-widget-text-editor .elementor-drop-cap-letter{display:inline-block}<\/style>\t\t\t\t<p>Esta mariposa se caracteriza por su marcado dimorfismo estacional; los adultos de la primera generaci\u00f3n (primavera) presentan coloraciones naranjas (forma <em>levan<\/em><i>a<\/i>), mientras que los de la segunda generaci\u00f3n (verano) tienen coloraciones negras (forma <em>prorsa<\/em>). <span style=\"text-decoration: line-through;\">Es diurna<\/span><\/p>\n<p>Est\u00e1 ligada a ambientes forestales, frecuenta claros de bosques caducifolios y m\u00e1rgenes arbustivos.<\/p>\n<p>Generalmente, presenta dos generaciones: en la primera, los imagos vuelan entre mayo y junio, y en la segunda, entre julio y agosto. En condiciones favorables puede haber una tercera generaci\u00f3n parcial. Hiberna como pupa.<\/p>\n<p><b>ORUGA<\/b><\/p>\n<p>&nbsp;La oruga se alimenta de ortigas, concretamente de las especies <em>Urtica dioica<\/em> y <em>Urtica urens<\/em>.<\/p>\n<p><b>CURIOSIDADES<\/b><\/p>\n<p>Las orugas para alimentarse no se colocan encima de las hojas como lo hacen otras especies de esta misma familia, sino que se colocan por debajo de ellas, dej\u00e1ndose caer al suelo al menor ruido o movimiento extra\u00f1os.<\/p>\t\t\t\t\t\t<\/div>\n\t\t\t\t<\/div>\n\t\t\t\t<\/div>\n\t\t\t\t\t<\/div>\n\t\t\t\t<\/div>\n\t\t<div class=\"elementor-element elementor-element-4eb60e2 e-flex e-con-boxed e-con e-parent\" data-id=\"4eb60e2\" data-element_type=\"container\" data-settings=\"{&quot;content_width&quot;:&quot;boxed&quot;}\" data-core-v316-plus=\"true\">\n\t\t\t\t\t<div class=\"e-con-inner\">\n\t\t\t\t<div class=\"elementor-element elementor-element-9601338 elementor-widget elementor-widget-accordion\" data-id=\"9601338\" data-element_type=\"widget\" data-widget_type=\"accordion.default\">\n\t\t\t\t<div class=\"elementor-widget-container\">\n\t\t\t<style>\/*! elementor - v3.17.0 - 08-11-2023 *\/\n.elementor-accordion{text-align:left}.elementor-accordion .elementor-accordion-item{border:1px solid #d5d8dc}.elementor-accordion .elementor-accordion-item+.elementor-accordion-item{border-top:none}.elementor-accordion .elementor-tab-title{margin:0;padding:15px 20px;font-weight:700;line-height:1;cursor:pointer;outline:none}.elementor-accordion .elementor-tab-title .elementor-accordion-icon{display:inline-block;width:1.5em}.elementor-accordion .elementor-tab-title .elementor-accordion-icon svg{width:1em;height:1em}.elementor-accordion .elementor-tab-title .elementor-accordion-icon.elementor-accordion-icon-right{float:right;text-align:right}.elementor-accordion .elementor-tab-title .elementor-accordion-icon.elementor-accordion-icon-left{float:left;text-align:left}.elementor-accordion .elementor-tab-title .elementor-accordion-icon .elementor-accordion-icon-closed{display:block}.elementor-accordion .elementor-tab-title .elementor-accordion-icon .elementor-accordion-icon-opened,.elementor-accordion .elementor-tab-title.elementor-active .elementor-accordion-icon-closed{display:none}.elementor-accordion .elementor-tab-title.elementor-active .elementor-accordion-icon-opened{display:block}.elementor-accordion .elementor-tab-content{display:none;padding:15px 20px;border-top:1px solid #d5d8dc}@media (max-width:767px){.elementor-accordion .elementor-tab-title{padding:12px 15px}.elementor-accordion .elementor-tab-title .elementor-accordion-icon{width:1.2em}.elementor-accordion .elementor-tab-content{padding:7px 15px}}.e-con-inner>.elementor-widget-accordion,.e-con>.elementor-widget-accordion{width:var(--container-widget-width);--flex-grow:var(--container-widget-flex-grow)}<\/style>\t\t<div class=\"elementor-accordion\">\n\t\t\t\t\t\t\t<div class=\"elementor-accordion-item\">\n\t\t\t\t\t<div id=\"elementor-tab-title-1571\" class=\"elementor-tab-title\" data-tab=\"1\" role=\"button\" aria-controls=\"elementor-tab-content-1571\" aria-expanded=\"false\">\n\t\t\t\t\t\t\t\t\t\t\t\t\t<span class=\"elementor-accordion-icon elementor-accordion-icon-left\" aria-hidden=\"true\">\n\t\t\t\t\t\t\t\t\t\t\t\t\t\t\t<span class=\"elementor-accordion-icon-closed\"><i class=\"fas fa-plus\"><\/i><\/span>\n\t\t\t\t\t\t\t\t<span class=\"elementor-accordion-icon-opened\"><i class=\"fas fa-minus\"><\/i><\/span>\n\t\t\t\t\t\t\t\t\t\t\t\t\t\t<\/span>\n\t\t\t\t\t\t\t\t\t\t\t\t<a class=\"elementor-accordion-title\" tabindex=\"0\">Bibliograf\u00eda<\/a>\n\t\t\t\t\t<\/div>\n\t\t\t\t\t<div id=\"elementor-tab-content-1571\" class=\"elementor-tab-content elementor-clearfix\" data-tab=\"1\" role=\"region\" aria-labelledby=\"elementor-tab-title-1571\"><p><a href=\"https:\/\/spain.inaturalist.org\/taxa\/55643-Araschnia-levana\">https:\/\/spain.inaturalist.org\/taxa\/55643-Araschnia-levana<\/a><\/p><p><a href=\"https:\/\/www.heteropterus.org\/images\/HRE\/articulos\/Heteropterus_Rev_Entomol_9(1)_57-59.pdf\">https:\/\/www.heteropterus.org\/images\/HRE\/articulos\/Heteropterus_Rev_Entomol_9(1)_57-<\/a><\/p><p><a href=\"https:\/\/www.heteropterus.org\/images\/HRE\/articulos\/Heteropterus_Rev_Entomol_9(1)_57-59.pdf\">59.pdf<\/a><\/p><\/div>\n\t\t\t\t<\/div>\n\t\t\t\t\t\t\t\t\t\t<script type=\"application\/ld+json\">{\"@context\":\"https:\\\/\\\/schema.org\",\"@type\":\"FAQPage\",\"mainEntity\":[{\"@type\":\"Question\",\"name\":\"Bibliograf\\u00eda\",\"acceptedAnswer\":{\"@type\":\"Answer\",\"text\":\"<p><a href=\\\"https:\\\/\\\/spain.inaturalist.org\\\/taxa\\\/55643-Araschnia-levana\\\">https:\\\/\\\/spain.inaturalist.org\\\/taxa\\\/55643-Araschnia-levana<\\\/a><\\\/p><p><a href=\\\"https:\\\/\\\/www.heteropterus.org\\\/images\\\/HRE\\\/articulos\\\/Heteropterus_Rev_Entomol_9(1)_57-59.pdf\\\">https:\\\/\\\/www.heteropterus.org\\\/images\\\/HRE\\\/articulos\\\/Heteropterus_Rev_Entomol_9(1)_57-<\\\/a><\\\/p><p><a href=\\\"https:\\\/\\\/www.heteropterus.org\\\/images\\\/HRE\\\/articulos\\\/Heteropterus_Rev_Entomol_9(1)_57-59.pdf\\\">59.pdf<\\\/a><\\\/p>\"}}]}<\/script>\n\t\t\t\t\t<\/div>\n\t\t\t\t<\/div>\n\t\t\t\t<\/div>\n\t\t\t\t\t<\/div>\n\t\t\t\t<\/div>\n\t\t\t\t\t\t\t<\/div>\n\t\t","protected":false},"excerpt":{"rendered":"<p>MAPA O PROTEA (Araschnia levana) Ilustrado por Daniel diaz Salas (Instagram: @naiv_ilustration) Esta mariposa se caracteriza por su marcado dimorfismo estacional; los adultos de la primera generaci\u00f3n (primavera) presentan coloraciones naranjas (forma levana), mientras que los de la segunda generaci\u00f3n (verano) tienen coloraciones negras (forma prorsa). Es diurna Est\u00e1 ligada a ambientes forestales, frecuenta claros &hellip;<\/p>\n<p class=\"read-more\"> <a class=\"\" href=\"https:\/\/proyectopoliniza.es\/?page_id=1828\"> <span class=\"screen-reader-text\">nerea<\/span> Leer m\u00e1s &raquo;<\/a><\/p>\n","protected":false},"author":1,"featured_media":0,"parent":0,"menu_order":0,"comment_status":"closed","ping_status":"closed","template":"","meta":{"_uag_custom_page_level_css":"","site-sidebar-layout":"no-sidebar","site-content-layout":"page-builder","ast-site-content-layout":"full-width-container","site-content-style":"default","site-sidebar-style":"default","ast-global-header-display":"","ast-banner-title-visibility":"","ast-main-header-display":"","ast-hfb-above-header-display":"","ast-hfb-below-header-display":"","ast-hfb-mobile-header-display":"","site-post-title":"disabled","ast-breadcrumbs-content":"","ast-featured-img":"disabled","footer-sml-layout":"","theme-transparent-header-meta":"","adv-header-id-meta":"","stick-header-meta":"","header-above-stick-meta":"","header-main-stick-meta":"","header-below-stick-meta":"","astra-migrate-meta-layouts":"set","ast-page-background-enabled":"default","ast-page-background-meta":{"desktop":{"background-color":"","background-image":"","background-repeat":"repeat","background-position":"center center","background-size":"auto","background-attachment":"scroll","background-type":"","background-media":"","overlay-type":"","overlay-color":"","overlay-gradient":""},"tablet":{"background-color":"","background-image":"","background-repeat":"repeat","background-position":"center center","background-size":"auto","background-attachment":"scroll","background-type":"","background-media":"","overlay-type":"","overlay-color":"","overlay-gradient":""},"mobile":{"background-color":"","background-image":"","background-repeat":"repeat","background-position":"center center","background-size":"auto","background-attachment":"scroll","background-type":"","background-media":"","overlay-type":"","overlay-color":"","overlay-gradient":""}},"ast-content-background-meta":{"desktop":{"background-color":"var(--ast-global-color-5)","background-image":"","background-repeat":"repeat","background-position":"center center","background-size":"auto","background-attachment":"scroll","background-type":"","background-media":"","overlay-type":"","overlay-color":"","overlay-gradient":""},"tablet":{"background-color":"var(--ast-global-color-5)","background-image":"","background-repeat":"repeat","background-position":"center center","background-size":"auto","background-attachment":"scroll","background-type":"","background-media":"","overlay-type":"","overlay-color":"","overlay-gradient":""},"mobile":{"background-color":"var(--ast-global-color-5)","background-image":"","background-repeat":"repeat","background-position":"center center","background-size":"auto","background-attachment":"scroll","background-type":"","background-media":"","overlay-type":"","overlay-color":"","overlay-gradient":""}},"footnotes":""},"uagb_featured_image_src":{"full":false,"thumbnail":false,"medium":false,"medium_large":false,"large":false,"1536x1536":false,"2048x2048":false},"uagb_author_info":{"display_name":"proyectopoliniza.es","author_link":"https:\/\/proyectopoliniza.es\/?author=1"},"uagb_comment_info":0,"uagb_excerpt":"MAPA O PROTEA (Araschnia levana) Ilustrado por Daniel diaz Salas (Instagram: @naiv_ilustration) Esta mariposa se caracteriza por su marcado dimorfismo estacional; los adultos de la primera generaci\u00f3n (primavera) presentan coloraciones naranjas (forma levana), mientras que los de la segunda generaci\u00f3n (verano) tienen coloraciones negras (forma prorsa). Es diurna Est\u00e1 ligada a ambientes forestales, frecuenta claros&hellip;","_links":{"self":[{"href":"https:\/\/proyectopoliniza.es\/index.php?rest_route=\/wp\/v2\/pages\/1828"}],"collection":[{"href":"https:\/\/proyectopoliniza.es\/index.php?rest_route=\/wp\/v2\/pages"}],"about":[{"href":"https:\/\/proyectopoliniza.es\/index.php?rest_route=\/wp\/v2\/types\/page"}],"author":[{"embeddable":true,"href":"https:\/\/proyectopoliniza.es\/index.php?rest_route=\/wp\/v2\/users\/1"}],"replies":[{"embeddable":true,"href":"https:\/\/proyectopoliniza.es\/index.php?rest_route=%2Fwp%2Fv2%2Fcomments&post=1828"}],"version-history":[{"count":31,"href":"https:\/\/proyectopoliniza.es\/index.php?rest_route=\/wp\/v2\/pages\/1828\/revisions"}],"predecessor-version":[{"id":2732,"href":"https:\/\/proyectopoliniza.es\/index.php?rest_route=\/wp\/v2\/pages\/1828\/revisions\/2732"}],"wp:attachment":[{"href":"https:\/\/proyectopoliniza.es\/index.php?rest_route=%2Fwp%2Fv2%2Fmedia&parent=1828"}],"curies":[{"name":"wp","href":"https:\/\/api.w.org\/{rel}","templated":true}]}}