{"id":1820,"date":"2023-12-04T16:50:59","date_gmt":"2023-12-04T15:50:59","guid":{"rendered":"https:\/\/proyectopoliniza.es\/?page_id=1820"},"modified":"2023-12-18T20:00:04","modified_gmt":"2023-12-18T19:00:04","slug":"dennis","status":"publish","type":"page","link":"https:\/\/proyectopoliniza.es\/?page_id=1820","title":{"rendered":"maria"},"content":{"rendered":"\t\t<div data-elementor-type=\"wp-page\" data-elementor-id=\"1820\" class=\"elementor elementor-1820\">\n\t\t\t\t\t\t\t<div class=\"elementor-element elementor-element-700a625 e-con-full e-flex e-con e-parent\" data-id=\"700a625\" data-element_type=\"container\" data-settings=\"{&quot;content_width&quot;:&quot;full&quot;}\" data-core-v316-plus=\"true\">\n\t\t\t\t<div class=\"elementor-element elementor-element-5b293a6 elementor-widget__width-initial elementor-widget elementor-widget-image\" data-id=\"5b293a6\" data-element_type=\"widget\" data-widget_type=\"image.default\">\n\t\t\t\t<div class=\"elementor-widget-container\">\n\t\t\t<style>\/*! elementor - v3.17.0 - 08-11-2023 *\/\n.elementor-widget-image{text-align:center}.elementor-widget-image a{display:inline-block}.elementor-widget-image a img[src$=\".svg\"]{width:48px}.elementor-widget-image img{vertical-align:middle;display:inline-block}<\/style>\t\t\t\t\t\t\t\t\t\t\t\t<img fetchpriority=\"high\" decoding=\"async\" width=\"1024\" height=\"726\" src=\"https:\/\/proyectopoliniza.es\/wp-content\/uploads\/2023\/12\/PARARGE-AEGERIA-LIMPIA-Maria-Lanza-2oIlustracion-1024x726.png\" class=\"attachment-large size-large wp-image-1892\" alt=\"\" srcset=\"https:\/\/proyectopoliniza.es\/wp-content\/uploads\/2023\/12\/PARARGE-AEGERIA-LIMPIA-Maria-Lanza-2oIlustracion-1024x726.png 1024w, https:\/\/proyectopoliniza.es\/wp-content\/uploads\/2023\/12\/PARARGE-AEGERIA-LIMPIA-Maria-Lanza-2oIlustracion-300x213.png 300w, https:\/\/proyectopoliniza.es\/wp-content\/uploads\/2023\/12\/PARARGE-AEGERIA-LIMPIA-Maria-Lanza-2oIlustracion-768x545.png 768w, https:\/\/proyectopoliniza.es\/wp-content\/uploads\/2023\/12\/PARARGE-AEGERIA-LIMPIA-Maria-Lanza-2oIlustracion-1536x1089.png 1536w, https:\/\/proyectopoliniza.es\/wp-content\/uploads\/2023\/12\/PARARGE-AEGERIA-LIMPIA-Maria-Lanza-2oIlustracion-2048x1453.png 2048w\" sizes=\"(max-width: 1024px) 100vw, 1024px\" \/>\t\t\t\t\t\t\t\t\t\t\t\t\t\t\t<\/div>\n\t\t\t\t<\/div>\n\t\t\t\t<\/div>\n\t\t<div class=\"elementor-element elementor-element-2551454 e-flex e-con-boxed e-con e-parent\" data-id=\"2551454\" data-element_type=\"container\" data-settings=\"{&quot;content_width&quot;:&quot;boxed&quot;}\" data-core-v316-plus=\"true\">\n\t\t\t\t\t<div class=\"e-con-inner\">\n\t\t<div class=\"elementor-element elementor-element-744fd09 e-con-full e-flex e-con e-child\" data-id=\"744fd09\" data-element_type=\"container\" data-settings=\"{&quot;content_width&quot;:&quot;full&quot;}\">\n\t\t\t\t<div class=\"elementor-element elementor-element-b37fa7d elementor-widget elementor-widget-heading\" data-id=\"b37fa7d\" data-element_type=\"widget\" data-widget_type=\"heading.default\">\n\t\t\t\t<div class=\"elementor-widget-container\">\n\t\t\t<style>\/*! elementor - v3.17.0 - 08-11-2023 *\/\n.elementor-heading-title{padding:0;margin:0;line-height:1}.elementor-widget-heading .elementor-heading-title[class*=elementor-size-]>a{color:inherit;font-size:inherit;line-height:inherit}.elementor-widget-heading .elementor-heading-title.elementor-size-small{font-size:15px}.elementor-widget-heading .elementor-heading-title.elementor-size-medium{font-size:19px}.elementor-widget-heading .elementor-heading-title.elementor-size-large{font-size:29px}.elementor-widget-heading .elementor-heading-title.elementor-size-xl{font-size:39px}.elementor-widget-heading .elementor-heading-title.elementor-size-xxl{font-size:59px}<\/style><h2 class=\"elementor-heading-title elementor-size-default\">maculada o mariposa de los muros<\/h2>\t\t<\/div>\n\t\t\t\t<\/div>\n\t\t\t\t<\/div>\n\t\t<div class=\"elementor-element elementor-element-9405118 e-con-full e-flex e-con e-child\" data-id=\"9405118\" data-element_type=\"container\" data-settings=\"{&quot;content_width&quot;:&quot;full&quot;}\">\n\t\t\t\t<div class=\"elementor-element elementor-element-ffc21b0 elementor-widget elementor-widget-heading\" data-id=\"ffc21b0\" data-element_type=\"widget\" data-widget_type=\"heading.default\">\n\t\t\t\t<div class=\"elementor-widget-container\">\n\t\t\t<h6 class=\"elementor-heading-title elementor-size-default\">(Pararge Aegeria)<\/h6>\t\t<\/div>\n\t\t\t\t<\/div>\n\t\t\t\t<\/div>\n\t\t<div class=\"elementor-element elementor-element-4ed39b5 e-con-full e-flex e-con e-child\" data-id=\"4ed39b5\" data-element_type=\"container\" data-settings=\"{&quot;content_width&quot;:&quot;full&quot;}\">\n\t\t\t\t<div class=\"elementor-element elementor-element-33c62b1 elementor-widget elementor-widget-heading\" data-id=\"33c62b1\" data-element_type=\"widget\" data-widget_type=\"heading.default\">\n\t\t\t\t<div class=\"elementor-widget-container\">\n\t\t\t<h2 class=\"elementor-heading-title elementor-size-small\">Ilustrado por Mar\u00eda Lanza Sarabia (Instagram: @maria_lanzarts)<\/h2>\t\t<\/div>\n\t\t\t\t<\/div>\n\t\t\t\t<div class=\"elementor-element elementor-element-ff7d303 elementor-widget elementor-widget-text-editor\" data-id=\"ff7d303\" data-element_type=\"widget\" data-widget_type=\"text-editor.default\">\n\t\t\t\t<div class=\"elementor-widget-container\">\n\t\t\t<style>\/*! elementor - v3.17.0 - 08-11-2023 *\/\n.elementor-widget-text-editor.elementor-drop-cap-view-stacked .elementor-drop-cap{background-color:#69727d;color:#fff}.elementor-widget-text-editor.elementor-drop-cap-view-framed .elementor-drop-cap{color:#69727d;border:3px solid;background-color:transparent}.elementor-widget-text-editor:not(.elementor-drop-cap-view-default) .elementor-drop-cap{margin-top:8px}.elementor-widget-text-editor:not(.elementor-drop-cap-view-default) .elementor-drop-cap-letter{width:1em;height:1em}.elementor-widget-text-editor .elementor-drop-cap{float:left;text-align:center;line-height:1;font-size:50px}.elementor-widget-text-editor .elementor-drop-cap-letter{display:inline-block}<\/style>\t\t\t\t<p>Esta mariposa, que pertenece a la familia Nymphalidae. Su \u00e1rea de distribuci\u00f3n abarca la mayor parte de Europa. Se encuentra en toda la Pen\u00ednsula ib\u00e9rica. Es una especie que se refugia en la sombra de la vegetaci\u00f3n de porte arb\u00f3reo o arbustivo por lo que se encuentra habitualmente en las lindes de muchas \u00e1reas boscosas de la regi\u00f3n pale\u00e1rtica.<\/p>\n<p>Tiene las alas anteriores de color casta\u00f1o oscuro, con un ajedrezado amarillento donde destaca un ocelo subapical negro con pupila blanca. Presenta dimorfismo sexual: Los machos poseen una hilera de escamas de color marr\u00f3n gris\u00e1ceo que desprenden feromonas (llamado androconia), ausente en las hembras. Las hembras, por su parte, tienen unas marcas m\u00e1s destacadas y brillantes que los machos.<\/p>\n<p>Es una especie bivoltina que tiene al menos dos generaciones de vuelo, entre los meses de marzo y octubre (en ocasiones puede presentar hasta tres generaciones.<\/p>\n<p><b>ORUGA<\/b><\/p>\n<p>Las orugas se alimentan de diversas gram\u00edneas: <em>Dactylis glomerata, Elymus pungens, Elymus repens, Piptatherum miliaceum, Cynodon dactylon, Poa trivialis, Pa annua, Brachypodium phoenicoides, Brachypodium distachyon, Festuca spp., Hordeum spp., Aira spp. y Agrostis spp.<\/em><\/p>\n<p><\/p>\n<p><b>CURIOSIDADES<\/b><\/p>\n<p>Los machos de la especie muestran dos tipos de comportamiento local: defensa territorial y patrulla. La proporci\u00f3n de machos que muestran estas dos estrategias cambia seg\u00fan las condiciones ecol\u00f3gicas.<\/p>\n<p>Es claramente higr\u00f3fila. Los machos de la denominada maculada son muy territoriales. Les gusta tomar el sol sobre las hojas de los \u00e1rboles de zonas umbr\u00edas, muchas veces cerca de los cauces de agua.<\/p>\n<p>Las mariposas del norte de Espa\u00f1a tienen un tama\u00f1o mayor, as\u00ed como mayor masa corporal y superficie alar. Estas dimensiones de la mariposa maculada decrecen conforme nos desplazamos hacia el sur.<\/p>\n<p><\/p>\t\t\t\t\t\t<\/div>\n\t\t\t\t<\/div>\n\t\t\t\t<\/div>\n\t\t\t\t\t<\/div>\n\t\t\t\t<\/div>\n\t\t<div class=\"elementor-element elementor-element-b51f5a5 e-flex e-con-boxed e-con e-parent\" data-id=\"b51f5a5\" data-element_type=\"container\" data-settings=\"{&quot;content_width&quot;:&quot;boxed&quot;}\" data-core-v316-plus=\"true\">\n\t\t\t\t\t<div class=\"e-con-inner\">\n\t\t\t\t\t<\/div>\n\t\t\t\t<\/div>\n\t\t<div class=\"elementor-element elementor-element-f9efb52 e-flex e-con-boxed e-con e-parent\" data-id=\"f9efb52\" data-element_type=\"container\" data-settings=\"{&quot;content_width&quot;:&quot;boxed&quot;}\" data-core-v316-plus=\"true\">\n\t\t\t\t\t<div class=\"e-con-inner\">\n\t\t\t\t<div class=\"elementor-element elementor-element-a88f250 elementor-widget elementor-widget-accordion\" data-id=\"a88f250\" data-element_type=\"widget\" data-widget_type=\"accordion.default\">\n\t\t\t\t<div class=\"elementor-widget-container\">\n\t\t\t<style>\/*! elementor - v3.17.0 - 08-11-2023 *\/\n.elementor-accordion{text-align:left}.elementor-accordion .elementor-accordion-item{border:1px solid #d5d8dc}.elementor-accordion .elementor-accordion-item+.elementor-accordion-item{border-top:none}.elementor-accordion .elementor-tab-title{margin:0;padding:15px 20px;font-weight:700;line-height:1;cursor:pointer;outline:none}.elementor-accordion .elementor-tab-title .elementor-accordion-icon{display:inline-block;width:1.5em}.elementor-accordion .elementor-tab-title .elementor-accordion-icon svg{width:1em;height:1em}.elementor-accordion .elementor-tab-title .elementor-accordion-icon.elementor-accordion-icon-right{float:right;text-align:right}.elementor-accordion .elementor-tab-title .elementor-accordion-icon.elementor-accordion-icon-left{float:left;text-align:left}.elementor-accordion .elementor-tab-title .elementor-accordion-icon .elementor-accordion-icon-closed{display:block}.elementor-accordion .elementor-tab-title .elementor-accordion-icon .elementor-accordion-icon-opened,.elementor-accordion .elementor-tab-title.elementor-active .elementor-accordion-icon-closed{display:none}.elementor-accordion .elementor-tab-title.elementor-active .elementor-accordion-icon-opened{display:block}.elementor-accordion .elementor-tab-content{display:none;padding:15px 20px;border-top:1px solid #d5d8dc}@media (max-width:767px){.elementor-accordion .elementor-tab-title{padding:12px 15px}.elementor-accordion .elementor-tab-title .elementor-accordion-icon{width:1.2em}.elementor-accordion .elementor-tab-content{padding:7px 15px}}.e-con-inner>.elementor-widget-accordion,.e-con>.elementor-widget-accordion{width:var(--container-widget-width);--flex-grow:var(--container-widget-flex-grow)}<\/style>\t\t<div class=\"elementor-accordion\">\n\t\t\t\t\t\t\t<div class=\"elementor-accordion-item\">\n\t\t\t\t\t<div id=\"elementor-tab-title-1761\" class=\"elementor-tab-title\" data-tab=\"1\" role=\"button\" aria-controls=\"elementor-tab-content-1761\" aria-expanded=\"false\">\n\t\t\t\t\t\t\t\t\t\t\t\t\t<span class=\"elementor-accordion-icon elementor-accordion-icon-left\" aria-hidden=\"true\">\n\t\t\t\t\t\t\t\t\t\t\t\t\t\t\t<span class=\"elementor-accordion-icon-closed\"><i class=\"fas fa-plus\"><\/i><\/span>\n\t\t\t\t\t\t\t\t<span class=\"elementor-accordion-icon-opened\"><i class=\"fas fa-minus\"><\/i><\/span>\n\t\t\t\t\t\t\t\t\t\t\t\t\t\t<\/span>\n\t\t\t\t\t\t\t\t\t\t\t\t<a class=\"elementor-accordion-title\" tabindex=\"0\">Bibliograf\u00eda.<\/a>\n\t\t\t\t\t<\/div>\n\t\t\t\t\t<div id=\"elementor-tab-content-1761\" class=\"elementor-tab-content elementor-clearfix\" data-tab=\"1\" role=\"region\" aria-labelledby=\"elementor-tab-title-1761\"><p><a href=\"https:\/\/sierradebaza.org\/fichas-tecnicas\/fichas-de-fauna\/fichas-mariposas\/ninfalidos\/de-los-muros-pararge-aegeria\">https:\/\/sierradebaza.org\/fichas-tecnicas\/fichas-de-fauna\/fichas-mariposas\/ninfalidos\/de-los-muros-pararge-aegeria<\/a><\/p><p><a href=\"https:\/\/spain.inaturalist.org\/taxa\/52592-Pararge-aegeria\">https:\/\/spain.inaturalist.org\/taxa\/52592-Pararge-aegeria<\/a><\/p><p><a href=\"https:\/\/www.asturnatura.com\/especie\/pararge-aegeria\">https:\/\/www.asturnatura.com\/especie\/pararge-aegeria<\/a><\/p><\/div>\n\t\t\t\t<\/div>\n\t\t\t\t\t\t\t\t<\/div>\n\t\t\t\t<\/div>\n\t\t\t\t<\/div>\n\t\t\t\t\t<\/div>\n\t\t\t\t<\/div>\n\t\t\t\t\t\t\t<\/div>\n\t\t","protected":false},"excerpt":{"rendered":"<p>maculada o mariposa de los muros (Pararge Aegeria) Ilustrado por Mar\u00eda Lanza Sarabia (Instagram: @maria_lanzarts) Esta mariposa, que pertenece a la familia Nymphalidae. Su \u00e1rea de distribuci\u00f3n abarca la mayor parte de Europa. Se encuentra en toda la Pen\u00ednsula ib\u00e9rica. Es una especie que se refugia en la sombra de la vegetaci\u00f3n de porte arb\u00f3reo &hellip;<\/p>\n<p class=\"read-more\"> <a class=\"\" href=\"https:\/\/proyectopoliniza.es\/?page_id=1820\"> <span class=\"screen-reader-text\">maria<\/span> Leer m\u00e1s &raquo;<\/a><\/p>\n","protected":false},"author":1,"featured_media":0,"parent":0,"menu_order":0,"comment_status":"closed","ping_status":"closed","template":"","meta":{"_uag_custom_page_level_css":"","site-sidebar-layout":"no-sidebar","site-content-layout":"page-builder","ast-site-content-layout":"full-width-container","site-content-style":"default","site-sidebar-style":"default","ast-global-header-display":"","ast-banner-title-visibility":"","ast-main-header-display":"","ast-hfb-above-header-display":"","ast-hfb-below-header-display":"","ast-hfb-mobile-header-display":"","site-post-title":"disabled","ast-breadcrumbs-content":"","ast-featured-img":"disabled","footer-sml-layout":"","theme-transparent-header-meta":"","adv-header-id-meta":"","stick-header-meta":"","header-above-stick-meta":"","header-main-stick-meta":"","header-below-stick-meta":"","astra-migrate-meta-layouts":"set","ast-page-background-enabled":"default","ast-page-background-meta":{"desktop":{"background-color":"","background-image":"","background-repeat":"repeat","background-position":"center center","background-size":"auto","background-attachment":"scroll","background-type":"","background-media":"","overlay-type":"","overlay-color":"","overlay-gradient":""},"tablet":{"background-color":"","background-image":"","background-repeat":"repeat","background-position":"center center","background-size":"auto","background-attachment":"scroll","background-type":"","background-media":"","overlay-type":"","overlay-color":"","overlay-gradient":""},"mobile":{"background-color":"","background-image":"","background-repeat":"repeat","background-position":"center center","background-size":"auto","background-attachment":"scroll","background-type":"","background-media":"","overlay-type":"","overlay-color":"","overlay-gradient":""}},"ast-content-background-meta":{"desktop":{"background-color":"var(--ast-global-color-5)","background-image":"","background-repeat":"repeat","background-position":"center center","background-size":"auto","background-attachment":"scroll","background-type":"","background-media":"","overlay-type":"","overlay-color":"","overlay-gradient":""},"tablet":{"background-color":"var(--ast-global-color-5)","background-image":"","background-repeat":"repeat","background-position":"center center","background-size":"auto","background-attachment":"scroll","background-type":"","background-media":"","overlay-type":"","overlay-color":"","overlay-gradient":""},"mobile":{"background-color":"var(--ast-global-color-5)","background-image":"","background-repeat":"repeat","background-position":"center center","background-size":"auto","background-attachment":"scroll","background-type":"","background-media":"","overlay-type":"","overlay-color":"","overlay-gradient":""}},"footnotes":""},"uagb_featured_image_src":{"full":false,"thumbnail":false,"medium":false,"medium_large":false,"large":false,"1536x1536":false,"2048x2048":false},"uagb_author_info":{"display_name":"proyectopoliniza.es","author_link":"https:\/\/proyectopoliniza.es\/?author=1"},"uagb_comment_info":0,"uagb_excerpt":"maculada o mariposa de los muros (Pararge Aegeria) Ilustrado por Mar\u00eda Lanza Sarabia (Instagram: @maria_lanzarts) Esta mariposa, que pertenece a la familia Nymphalidae. Su \u00e1rea de distribuci\u00f3n abarca la mayor parte de Europa. Se encuentra en toda la Pen\u00ednsula ib\u00e9rica. Es una especie que se refugia en la sombra de la vegetaci\u00f3n de porte arb\u00f3reo&hellip;","_links":{"self":[{"href":"https:\/\/proyectopoliniza.es\/index.php?rest_route=\/wp\/v2\/pages\/1820"}],"collection":[{"href":"https:\/\/proyectopoliniza.es\/index.php?rest_route=\/wp\/v2\/pages"}],"about":[{"href":"https:\/\/proyectopoliniza.es\/index.php?rest_route=\/wp\/v2\/types\/page"}],"author":[{"embeddable":true,"href":"https:\/\/proyectopoliniza.es\/index.php?rest_route=\/wp\/v2\/users\/1"}],"replies":[{"embeddable":true,"href":"https:\/\/proyectopoliniza.es\/index.php?rest_route=%2Fwp%2Fv2%2Fcomments&post=1820"}],"version-history":[{"count":29,"href":"https:\/\/proyectopoliniza.es\/index.php?rest_route=\/wp\/v2\/pages\/1820\/revisions"}],"predecessor-version":[{"id":2729,"href":"https:\/\/proyectopoliniza.es\/index.php?rest_route=\/wp\/v2\/pages\/1820\/revisions\/2729"}],"wp:attachment":[{"href":"https:\/\/proyectopoliniza.es\/index.php?rest_route=%2Fwp%2Fv2%2Fmedia&parent=1820"}],"curies":[{"name":"wp","href":"https:\/\/api.w.org\/{rel}","templated":true}]}}