{"id":1818,"date":"2023-12-04T16:50:39","date_gmt":"2023-12-04T15:50:39","guid":{"rendered":"https:\/\/proyectopoliniza.es\/?page_id=1818"},"modified":"2023-12-18T19:57:58","modified_gmt":"2023-12-18T18:57:58","slug":"david","status":"publish","type":"page","link":"https:\/\/proyectopoliniza.es\/?page_id=1818","title":{"rendered":"david"},"content":{"rendered":"\t\t<div data-elementor-type=\"wp-page\" data-elementor-id=\"1818\" class=\"elementor elementor-1818\">\n\t\t\t\t\t\t\t<div class=\"elementor-element elementor-element-a8de40d e-flex e-con-boxed e-con e-parent\" data-id=\"a8de40d\" data-element_type=\"container\" data-settings=\"{&quot;content_width&quot;:&quot;boxed&quot;}\" data-core-v316-plus=\"true\">\n\t\t\t\t\t<div class=\"e-con-inner\">\n\t\t\t\t<div class=\"elementor-element elementor-element-51c149d elementor-widget__width-initial elementor-widget elementor-widget-image\" data-id=\"51c149d\" data-element_type=\"widget\" data-widget_type=\"image.default\">\n\t\t\t\t<div class=\"elementor-widget-container\">\n\t\t\t<style>\/*! elementor - v3.17.0 - 08-11-2023 *\/\n.elementor-widget-image{text-align:center}.elementor-widget-image a{display:inline-block}.elementor-widget-image a img[src$=\".svg\"]{width:48px}.elementor-widget-image img{vertical-align:middle;display:inline-block}<\/style>\t\t\t\t\t\t\t\t\t\t\t\t<img fetchpriority=\"high\" decoding=\"async\" width=\"1024\" height=\"774\" src=\"https:\/\/proyectopoliniza.es\/wp-content\/uploads\/2023\/12\/DAVID-MARIPOSA_-1024x774.png\" class=\"attachment-large size-large wp-image-1883\" alt=\"\" srcset=\"https:\/\/proyectopoliniza.es\/wp-content\/uploads\/2023\/12\/DAVID-MARIPOSA_-1024x774.png 1024w, https:\/\/proyectopoliniza.es\/wp-content\/uploads\/2023\/12\/DAVID-MARIPOSA_-300x227.png 300w, https:\/\/proyectopoliniza.es\/wp-content\/uploads\/2023\/12\/DAVID-MARIPOSA_-768x580.png 768w, https:\/\/proyectopoliniza.es\/wp-content\/uploads\/2023\/12\/DAVID-MARIPOSA_-1536x1161.png 1536w, https:\/\/proyectopoliniza.es\/wp-content\/uploads\/2023\/12\/DAVID-MARIPOSA_-2048x1547.png 2048w\" sizes=\"(max-width: 1024px) 100vw, 1024px\" \/>\t\t\t\t\t\t\t\t\t\t\t\t\t\t\t<\/div>\n\t\t\t\t<\/div>\n\t\t\t\t\t<\/div>\n\t\t\t\t<\/div>\n\t\t<div class=\"elementor-element elementor-element-79ad46a e-flex e-con-boxed e-con e-parent\" data-id=\"79ad46a\" data-element_type=\"container\" data-settings=\"{&quot;content_width&quot;:&quot;boxed&quot;}\" data-core-v316-plus=\"true\">\n\t\t\t\t\t<div class=\"e-con-inner\">\n\t\t<div class=\"elementor-element elementor-element-3672b2e e-con-full e-flex e-con e-child\" data-id=\"3672b2e\" data-element_type=\"container\" data-settings=\"{&quot;content_width&quot;:&quot;full&quot;}\">\n\t\t\t\t<div class=\"elementor-element elementor-element-fc539dc elementor-widget elementor-widget-heading\" data-id=\"fc539dc\" data-element_type=\"widget\" data-widget_type=\"heading.default\">\n\t\t\t\t<div class=\"elementor-widget-container\">\n\t\t\t<style>\/*! elementor - v3.17.0 - 08-11-2023 *\/\n.elementor-heading-title{padding:0;margin:0;line-height:1}.elementor-widget-heading .elementor-heading-title[class*=elementor-size-]>a{color:inherit;font-size:inherit;line-height:inherit}.elementor-widget-heading .elementor-heading-title.elementor-size-small{font-size:15px}.elementor-widget-heading .elementor-heading-title.elementor-size-medium{font-size:19px}.elementor-widget-heading .elementor-heading-title.elementor-size-large{font-size:29px}.elementor-widget-heading .elementor-heading-title.elementor-size-xl{font-size:39px}.elementor-widget-heading .elementor-heading-title.elementor-size-xxl{font-size:59px}<\/style><h2 class=\"elementor-heading-title elementor-size-default\">doncella atenea<\/h2>\t\t<\/div>\n\t\t\t\t<\/div>\n\t\t\t\t<\/div>\n\t\t<div class=\"elementor-element elementor-element-3329e0f e-con-full e-flex e-con e-child\" data-id=\"3329e0f\" data-element_type=\"container\" data-settings=\"{&quot;content_width&quot;:&quot;full&quot;}\">\n\t\t\t\t<div class=\"elementor-element elementor-element-de9c107 elementor-widget elementor-widget-heading\" data-id=\"de9c107\" data-element_type=\"widget\" data-widget_type=\"heading.default\">\n\t\t\t\t<div class=\"elementor-widget-container\">\n\t\t\t<h6 class=\"elementor-heading-title elementor-size-default\">(Melitaea Parthenoides)<\/h6>\t\t<\/div>\n\t\t\t\t<\/div>\n\t\t\t\t<\/div>\n\t\t<div class=\"elementor-element elementor-element-f82d41f e-con-full e-flex e-con e-child\" data-id=\"f82d41f\" data-element_type=\"container\" data-settings=\"{&quot;content_width&quot;:&quot;full&quot;}\">\n\t\t\t\t<div class=\"elementor-element elementor-element-bf40c3f elementor-widget elementor-widget-heading\" data-id=\"bf40c3f\" data-element_type=\"widget\" data-widget_type=\"heading.default\">\n\t\t\t\t<div class=\"elementor-widget-container\">\n\t\t\t<h2 class=\"elementor-heading-title elementor-size-small\">Ilustrado por David Cerro Cordero (Instagram: @fususu.art)<\/h2>\t\t<\/div>\n\t\t\t\t<\/div>\n\t\t\t\t<div class=\"elementor-element elementor-element-fa619ac elementor-widget elementor-widget-text-editor\" data-id=\"fa619ac\" data-element_type=\"widget\" data-widget_type=\"text-editor.default\">\n\t\t\t\t<div class=\"elementor-widget-container\">\n\t\t\t<style>\/*! elementor - v3.17.0 - 08-11-2023 *\/\n.elementor-widget-text-editor.elementor-drop-cap-view-stacked .elementor-drop-cap{background-color:#69727d;color:#fff}.elementor-widget-text-editor.elementor-drop-cap-view-framed .elementor-drop-cap{color:#69727d;border:3px solid;background-color:transparent}.elementor-widget-text-editor:not(.elementor-drop-cap-view-default) .elementor-drop-cap{margin-top:8px}.elementor-widget-text-editor:not(.elementor-drop-cap-view-default) .elementor-drop-cap-letter{width:1em;height:1em}.elementor-widget-text-editor .elementor-drop-cap{float:left;text-align:center;line-height:1;font-size:50px}.elementor-widget-text-editor .elementor-drop-cap-letter{display:inline-block}<\/style>\t\t\t\t<p>Tambi\u00e9n conocida como la minerva, es una mariposa de la familia <em>Nymphalidae.<\/em> Posee una envergadura en sus alas de entre 28 a 34 mm. Se caracteriza por su color amarillento disperso en sus alas. La especie posee dimorfismo sexual, con las hembras presentan tonos amarillentos leonados con alto contrastes, mientras los machos tienes sus tonos y contrastes m\u00e1s uniformes.<\/p><p>Es una mariposa com\u00fan en toda Europa, desde el nivel del mar hasta casi los 2000 metros de altitud.<\/p><p>Se encuentra preferentemente en praderas herb\u00e1ceas y lugares despejados. Puede verse volando entre marzo y octubre en una o dos generaciones anuales.<\/p><p><b>ORUGAS<\/b><\/p><p>Sus orugas se suelen alimentar de llant\u00e9n, preferentemente de <em>Plantago Ianceolata<\/em>, usualmente en grupo.<\/p><p>Las orugas tienen un aspecto corto y grueso, con el dorso arqueado. Son de color verde oscuro, con una l\u00ednea m\u00e1s oscura en el dorso y otras m\u00e1s p\u00e1lidas en los costados, justo por debajo de sendas hileras de puntos negros.<\/p><p><b>CURIOSIDADES<\/b><\/p><p>Las larvas hibernan en grupo, separ\u00e1ndose cuando llegan cerca del final de su crecimiento<\/p>\t\t\t\t\t\t<\/div>\n\t\t\t\t<\/div>\n\t\t\t\t<\/div>\n\t\t\t\t\t<\/div>\n\t\t\t\t<\/div>\n\t\t<div class=\"elementor-element elementor-element-1fb624e e-flex e-con-boxed e-con e-parent\" data-id=\"1fb624e\" data-element_type=\"container\" data-settings=\"{&quot;content_width&quot;:&quot;boxed&quot;}\" data-core-v316-plus=\"true\">\n\t\t\t\t\t<div class=\"e-con-inner\">\n\t\t\t\t<div class=\"elementor-element elementor-element-fe5b0ec elementor-widget elementor-widget-accordion\" data-id=\"fe5b0ec\" data-element_type=\"widget\" data-widget_type=\"accordion.default\">\n\t\t\t\t<div class=\"elementor-widget-container\">\n\t\t\t<style>\/*! elementor - v3.17.0 - 08-11-2023 *\/\n.elementor-accordion{text-align:left}.elementor-accordion .elementor-accordion-item{border:1px solid #d5d8dc}.elementor-accordion .elementor-accordion-item+.elementor-accordion-item{border-top:none}.elementor-accordion .elementor-tab-title{margin:0;padding:15px 20px;font-weight:700;line-height:1;cursor:pointer;outline:none}.elementor-accordion .elementor-tab-title .elementor-accordion-icon{display:inline-block;width:1.5em}.elementor-accordion .elementor-tab-title .elementor-accordion-icon svg{width:1em;height:1em}.elementor-accordion .elementor-tab-title .elementor-accordion-icon.elementor-accordion-icon-right{float:right;text-align:right}.elementor-accordion .elementor-tab-title .elementor-accordion-icon.elementor-accordion-icon-left{float:left;text-align:left}.elementor-accordion .elementor-tab-title .elementor-accordion-icon .elementor-accordion-icon-closed{display:block}.elementor-accordion .elementor-tab-title .elementor-accordion-icon .elementor-accordion-icon-opened,.elementor-accordion .elementor-tab-title.elementor-active .elementor-accordion-icon-closed{display:none}.elementor-accordion .elementor-tab-title.elementor-active .elementor-accordion-icon-opened{display:block}.elementor-accordion .elementor-tab-content{display:none;padding:15px 20px;border-top:1px solid #d5d8dc}@media (max-width:767px){.elementor-accordion .elementor-tab-title{padding:12px 15px}.elementor-accordion .elementor-tab-title .elementor-accordion-icon{width:1.2em}.elementor-accordion .elementor-tab-content{padding:7px 15px}}.e-con-inner>.elementor-widget-accordion,.e-con>.elementor-widget-accordion{width:var(--container-widget-width);--flex-grow:var(--container-widget-flex-grow)}<\/style>\t\t<div class=\"elementor-accordion\">\n\t\t\t\t\t\t\t<div class=\"elementor-accordion-item\">\n\t\t\t\t\t<div id=\"elementor-tab-title-2661\" class=\"elementor-tab-title\" data-tab=\"1\" role=\"button\" aria-controls=\"elementor-tab-content-2661\" aria-expanded=\"false\">\n\t\t\t\t\t\t\t\t\t\t\t\t\t<span class=\"elementor-accordion-icon elementor-accordion-icon-left\" aria-hidden=\"true\">\n\t\t\t\t\t\t\t\t\t\t\t\t\t\t\t<span class=\"elementor-accordion-icon-closed\"><i class=\"fas fa-plus\"><\/i><\/span>\n\t\t\t\t\t\t\t\t<span class=\"elementor-accordion-icon-opened\"><i class=\"fas fa-minus\"><\/i><\/span>\n\t\t\t\t\t\t\t\t\t\t\t\t\t\t<\/span>\n\t\t\t\t\t\t\t\t\t\t\t\t<a class=\"elementor-accordion-title\" tabindex=\"0\">Bibliograf\u00eda<\/a>\n\t\t\t\t\t<\/div>\n\t\t\t\t\t<div id=\"elementor-tab-content-2661\" class=\"elementor-tab-content elementor-clearfix\" data-tab=\"1\" role=\"region\" aria-labelledby=\"elementor-tab-title-2661\"><p><a href=\"https:\/\/es.wikipedia.org\/wiki\/Melitaea_parthenoides\">https:\/\/es.wikipedia.org\/wiki\/Melitaea_parthenoides<\/a><\/p><p><a href=\"https:\/\/granadanatural.com\/ficha_fauna.php?cod=440\">https:\/\/granadanatural.com\/ficha_fauna.php?cod=440<\/a><\/p><p><a href=\"http:\/\/sierrasalvada.blogspot.com\/2014\/06\/melitaea-parthenoides.html\">http:\/\/sierrasalvada.blogspot.com\/2014\/06\/melitaea-parthenoides.html<\/a><\/p><\/div>\n\t\t\t\t<\/div>\n\t\t\t\t\t\t\t\t<\/div>\n\t\t\t\t<\/div>\n\t\t\t\t<\/div>\n\t\t\t\t\t<\/div>\n\t\t\t\t<\/div>\n\t\t\t\t\t\t\t<\/div>\n\t\t","protected":false},"excerpt":{"rendered":"<p>doncella atenea (Melitaea Parthenoides) Ilustrado por David Cerro Cordero (Instagram: @fususu.art) Tambi\u00e9n conocida como la minerva, es una mariposa de la familia Nymphalidae. Posee una envergadura en sus alas de entre 28 a 34 mm. Se caracteriza por su color amarillento disperso en sus alas. La especie posee dimorfismo sexual, con las hembras presentan tonos &hellip;<\/p>\n<p class=\"read-more\"> <a class=\"\" href=\"https:\/\/proyectopoliniza.es\/?page_id=1818\"> <span class=\"screen-reader-text\">david<\/span> Leer m\u00e1s &raquo;<\/a><\/p>\n","protected":false},"author":1,"featured_media":0,"parent":0,"menu_order":0,"comment_status":"closed","ping_status":"closed","template":"","meta":{"_uag_custom_page_level_css":"","site-sidebar-layout":"no-sidebar","site-content-layout":"page-builder","ast-site-content-layout":"full-width-container","site-content-style":"default","site-sidebar-style":"default","ast-global-header-display":"","ast-banner-title-visibility":"","ast-main-header-display":"","ast-hfb-above-header-display":"","ast-hfb-below-header-display":"","ast-hfb-mobile-header-display":"","site-post-title":"disabled","ast-breadcrumbs-content":"","ast-featured-img":"disabled","footer-sml-layout":"","theme-transparent-header-meta":"","adv-header-id-meta":"","stick-header-meta":"","header-above-stick-meta":"","header-main-stick-meta":"","header-below-stick-meta":"","astra-migrate-meta-layouts":"set","ast-page-background-enabled":"default","ast-page-background-meta":{"desktop":{"background-color":"","background-image":"","background-repeat":"repeat","background-position":"center center","background-size":"auto","background-attachment":"scroll","background-type":"","background-media":"","overlay-type":"","overlay-color":"","overlay-gradient":""},"tablet":{"background-color":"","background-image":"","background-repeat":"repeat","background-position":"center center","background-size":"auto","background-attachment":"scroll","background-type":"","background-media":"","overlay-type":"","overlay-color":"","overlay-gradient":""},"mobile":{"background-color":"","background-image":"","background-repeat":"repeat","background-position":"center center","background-size":"auto","background-attachment":"scroll","background-type":"","background-media":"","overlay-type":"","overlay-color":"","overlay-gradient":""}},"ast-content-background-meta":{"desktop":{"background-color":"var(--ast-global-color-5)","background-image":"","background-repeat":"repeat","background-position":"center center","background-size":"auto","background-attachment":"scroll","background-type":"","background-media":"","overlay-type":"","overlay-color":"","overlay-gradient":""},"tablet":{"background-color":"var(--ast-global-color-5)","background-image":"","background-repeat":"repeat","background-position":"center center","background-size":"auto","background-attachment":"scroll","background-type":"","background-media":"","overlay-type":"","overlay-color":"","overlay-gradient":""},"mobile":{"background-color":"var(--ast-global-color-5)","background-image":"","background-repeat":"repeat","background-position":"center center","background-size":"auto","background-attachment":"scroll","background-type":"","background-media":"","overlay-type":"","overlay-color":"","overlay-gradient":""}},"footnotes":""},"uagb_featured_image_src":{"full":false,"thumbnail":false,"medium":false,"medium_large":false,"large":false,"1536x1536":false,"2048x2048":false},"uagb_author_info":{"display_name":"proyectopoliniza.es","author_link":"https:\/\/proyectopoliniza.es\/?author=1"},"uagb_comment_info":0,"uagb_excerpt":"doncella atenea (Melitaea Parthenoides) Ilustrado por David Cerro Cordero (Instagram: @fususu.art) Tambi\u00e9n conocida como la minerva, es una mariposa de la familia Nymphalidae. Posee una envergadura en sus alas de entre 28 a 34 mm. Se caracteriza por su color amarillento disperso en sus alas. La especie posee dimorfismo sexual, con las hembras presentan tonos&hellip;","_links":{"self":[{"href":"https:\/\/proyectopoliniza.es\/index.php?rest_route=\/wp\/v2\/pages\/1818"}],"collection":[{"href":"https:\/\/proyectopoliniza.es\/index.php?rest_route=\/wp\/v2\/pages"}],"about":[{"href":"https:\/\/proyectopoliniza.es\/index.php?rest_route=\/wp\/v2\/types\/page"}],"author":[{"embeddable":true,"href":"https:\/\/proyectopoliniza.es\/index.php?rest_route=\/wp\/v2\/users\/1"}],"replies":[{"embeddable":true,"href":"https:\/\/proyectopoliniza.es\/index.php?rest_route=%2Fwp%2Fv2%2Fcomments&post=1818"}],"version-history":[{"count":28,"href":"https:\/\/proyectopoliniza.es\/index.php?rest_route=\/wp\/v2\/pages\/1818\/revisions"}],"predecessor-version":[{"id":2723,"href":"https:\/\/proyectopoliniza.es\/index.php?rest_route=\/wp\/v2\/pages\/1818\/revisions\/2723"}],"wp:attachment":[{"href":"https:\/\/proyectopoliniza.es\/index.php?rest_route=%2Fwp%2Fv2%2Fmedia&parent=1818"}],"curies":[{"name":"wp","href":"https:\/\/api.w.org\/{rel}","templated":true}]}}