{"id":1816,"date":"2023-12-04T16:50:08","date_gmt":"2023-12-04T15:50:08","guid":{"rendered":"https:\/\/proyectopoliniza.es\/?page_id=1816"},"modified":"2023-12-18T14:19:10","modified_gmt":"2023-12-18T13:19:10","slug":"jennifer","status":"publish","type":"page","link":"https:\/\/proyectopoliniza.es\/?page_id=1816","title":{"rendered":"jennifer"},"content":{"rendered":"\t\t<div data-elementor-type=\"wp-page\" data-elementor-id=\"1816\" class=\"elementor elementor-1816\">\n\t\t\t\t\t\t\t<div class=\"elementor-element elementor-element-2cb9cdf e-flex e-con-boxed e-con e-parent\" data-id=\"2cb9cdf\" data-element_type=\"container\" data-settings=\"{&quot;content_width&quot;:&quot;boxed&quot;}\" data-core-v316-plus=\"true\">\n\t\t\t\t\t<div class=\"e-con-inner\">\n\t\t\t\t<div class=\"elementor-element elementor-element-886e5de elementor-widget__width-initial elementor-widget elementor-widget-image\" data-id=\"886e5de\" data-element_type=\"widget\" data-widget_type=\"image.default\">\n\t\t\t\t<div class=\"elementor-widget-container\">\n\t\t\t<style>\/*! elementor - v3.17.0 - 08-11-2023 *\/\n.elementor-widget-image{text-align:center}.elementor-widget-image a{display:inline-block}.elementor-widget-image a img[src$=\".svg\"]{width:48px}.elementor-widget-image img{vertical-align:middle;display:inline-block}<\/style>\t\t\t\t\t\t\t\t\t\t\t\t<img fetchpriority=\"high\" decoding=\"async\" width=\"1024\" height=\"774\" src=\"https:\/\/proyectopoliniza.es\/wp-content\/uploads\/2023\/12\/mariposa-jenny_-1024x774.png\" class=\"attachment-large size-large wp-image-1896\" alt=\"\" srcset=\"https:\/\/proyectopoliniza.es\/wp-content\/uploads\/2023\/12\/mariposa-jenny_-1024x774.png 1024w, https:\/\/proyectopoliniza.es\/wp-content\/uploads\/2023\/12\/mariposa-jenny_-300x227.png 300w, https:\/\/proyectopoliniza.es\/wp-content\/uploads\/2023\/12\/mariposa-jenny_-768x580.png 768w, https:\/\/proyectopoliniza.es\/wp-content\/uploads\/2023\/12\/mariposa-jenny_-1536x1161.png 1536w, https:\/\/proyectopoliniza.es\/wp-content\/uploads\/2023\/12\/mariposa-jenny_-2048x1547.png 2048w\" sizes=\"(max-width: 1024px) 100vw, 1024px\" \/>\t\t\t\t\t\t\t\t\t\t\t\t\t\t\t<\/div>\n\t\t\t\t<\/div>\n\t\t\t\t\t<\/div>\n\t\t\t\t<\/div>\n\t\t<div class=\"elementor-element elementor-element-fe826fd e-flex e-con-boxed e-con e-parent\" data-id=\"fe826fd\" data-element_type=\"container\" data-settings=\"{&quot;content_width&quot;:&quot;boxed&quot;}\" data-core-v316-plus=\"true\">\n\t\t\t\t\t<div class=\"e-con-inner\">\n\t\t<div class=\"elementor-element elementor-element-4000634 e-con-full e-flex e-con e-child\" data-id=\"4000634\" data-element_type=\"container\" data-settings=\"{&quot;content_width&quot;:&quot;full&quot;}\">\n\t\t\t\t<div class=\"elementor-element elementor-element-71fe2af elementor-widget elementor-widget-heading\" data-id=\"71fe2af\" data-element_type=\"widget\" data-widget_type=\"heading.default\">\n\t\t\t\t<div class=\"elementor-widget-container\">\n\t\t\t<style>\/*! elementor - v3.17.0 - 08-11-2023 *\/\n.elementor-heading-title{padding:0;margin:0;line-height:1}.elementor-widget-heading .elementor-heading-title[class*=elementor-size-]>a{color:inherit;font-size:inherit;line-height:inherit}.elementor-widget-heading .elementor-heading-title.elementor-size-small{font-size:15px}.elementor-widget-heading .elementor-heading-title.elementor-size-medium{font-size:19px}.elementor-widget-heading .elementor-heading-title.elementor-size-large{font-size:29px}.elementor-widget-heading .elementor-heading-title.elementor-size-xl{font-size:39px}.elementor-widget-heading .elementor-heading-title.elementor-size-xxl{font-size:59px}<\/style><h2 class=\"elementor-heading-title elementor-size-default\">\u00cdCARO<\/h2>\t\t<\/div>\n\t\t\t\t<\/div>\n\t\t\t\t<\/div>\n\t\t<div class=\"elementor-element elementor-element-6a8fcda e-con-full e-flex e-con e-child\" data-id=\"6a8fcda\" data-element_type=\"container\" data-settings=\"{&quot;content_width&quot;:&quot;full&quot;}\">\n\t\t\t\t<div class=\"elementor-element elementor-element-0791b4d elementor-widget elementor-widget-heading\" data-id=\"0791b4d\" data-element_type=\"widget\" data-widget_type=\"heading.default\">\n\t\t\t\t<div class=\"elementor-widget-container\">\n\t\t\t<h6 class=\"elementor-heading-title elementor-size-default\">Polyommatus icarus<\/h6>\t\t<\/div>\n\t\t\t\t<\/div>\n\t\t\t\t<\/div>\n\t\t<div class=\"elementor-element elementor-element-b77feb3 e-con-full e-flex e-con e-child\" data-id=\"b77feb3\" data-element_type=\"container\" data-settings=\"{&quot;content_width&quot;:&quot;full&quot;}\">\n\t\t\t\t<div class=\"elementor-element elementor-element-3a32363 elementor-widget elementor-widget-heading\" data-id=\"3a32363\" data-element_type=\"widget\" data-widget_type=\"heading.default\">\n\t\t\t\t<div class=\"elementor-widget-container\">\n\t\t\t<h2 class=\"elementor-heading-title elementor-size-small\">Ilustrado por Jennyfer Vignoly Vaca (Instagram: @jenny_vignoly6) <\/h2>\t\t<\/div>\n\t\t\t\t<\/div>\n\t\t\t\t<div class=\"elementor-element elementor-element-518d5a0 elementor-widget elementor-widget-text-editor\" data-id=\"518d5a0\" data-element_type=\"widget\" data-widget_type=\"text-editor.default\">\n\t\t\t\t<div class=\"elementor-widget-container\">\n\t\t\t<style>\/*! elementor - v3.17.0 - 08-11-2023 *\/\n.elementor-widget-text-editor.elementor-drop-cap-view-stacked .elementor-drop-cap{background-color:#69727d;color:#fff}.elementor-widget-text-editor.elementor-drop-cap-view-framed .elementor-drop-cap{color:#69727d;border:3px solid;background-color:transparent}.elementor-widget-text-editor:not(.elementor-drop-cap-view-default) .elementor-drop-cap{margin-top:8px}.elementor-widget-text-editor:not(.elementor-drop-cap-view-default) .elementor-drop-cap-letter{width:1em;height:1em}.elementor-widget-text-editor .elementor-drop-cap{float:left;text-align:center;line-height:1;font-size:50px}.elementor-widget-text-editor .elementor-drop-cap-letter{display:inline-block}<\/style>\t\t\t\t<p>La Mariposa \u00cdcaro o simplemente \u00cdcaro, es un peque\u00f1o lepid\u00f3ptero perteneciente a la familia de los lic\u00e9nidos, reconocibles por su reducido tama\u00f1o y bonito dise\u00f1o.<\/p>\n<p>La parte superior de las alas es de un tono azul celeste brillante en los machos, con un borde blanco continuo. Mientras que las hembras, son m\u00e1s pardas y presentan una hilera de manchas naranjas. La parte inferior de las alas es com\u00fan en ambos sexos, presentando una coloraci\u00f3n casta\u00f1a\/gris\u00e1cea punteada de negro y naranja.<\/p>\n<p>Las hembras ponen los huevos individualmente en los brotes de las plantas nutricias, que son diferentes especies de leguminosas.<\/p>\n<p><b>ORUGA<\/b><\/p>\n<p>La oruga es de color verde claro, con una l\u00ednea dorsal m\u00e1s oscura y otra lateral blanca. Puede asociarse con hormigas de los g\u00e9neros <em>Lasius, Myrmica<\/em> y <em>Formica<\/em>.<\/p>\n<p>La cris\u00e1lida es ocr\u00e1cea, colocada en el suelo, entre las hojas secas, o en la planta. Inverna como oruga.<\/p>\n<p>Como plantas nutricias se han citado <a href=\"https:\/\/www.asturnatura.com\/especie\/trifolium-repens\"><em>Trifolium repens<\/em><\/a><em>, <\/em><a href=\"https:\/\/www.asturnatura.com\/especie\/trifolium-dubium\"><em>Trifolium dubium<\/em><\/a><em>, <\/em><a href=\"https:\/\/www.asturnatura.com\/especie\/lotus-corniculatus\"><em>Lotus corniculatus<\/em><\/a><em>, Lotus glareosus, <\/em><a href=\"https:\/\/www.asturnatura.com\/especie\/lotus-pedunculatus\"><em>Lotus pedunculatus<\/em><\/a><em>, <\/em><a href=\"https:\/\/www.asturnatura.com\/especie\/medicago-sativa\"><em>Medicago sativa<\/em><\/a><em>, <\/em><a href=\"https:\/\/www.asturnatura.com\/especie\/medicago-lupulina\"><em>Medicago lupulina<\/em><\/a><em>, Ononis arvensis, <\/em><a href=\"https:\/\/www.asturnatura.com\/especie\/ononis-spinosa\"><em>Ononis spinosa<\/em><\/a><em>, Melilotus sp., Genista sp. <\/em><a href=\"https:\/\/www.asturnatura.com\/especie\/achillea-millefolium\"><em>Achillea millefolium<\/em><\/a><em>, <\/em><a href=\"https:\/\/www.asturnatura.com\/especie\/anthyllis-vulneraria\"><em>Anthyllis vulneraria<\/em><\/a><em>, Vicia sp., <\/em><a href=\"https:\/\/www.asturnatura.com\/especie\/pisum-sativum\"><em>Pisum sativum<\/em><\/a><em>, Ulex sp. ,<\/em> etc.<\/p>\n<p><b>CURIOSIDADES<\/b><\/p>\n<p>Esta especie, al igual que muchas otras de la Familia <em>Lycaenidae, mantiene una peculiar relaci\u00f3n con las hormigas. Las larvas presentan unas gl\u00e1ndulas que segregan melaza de la que se alimentan las hormigas que, a cambio, protegen a las orugas.<\/em><\/p>\n<p>Los machos adultos se re\u00fanen, a veces en grandes n\u00fameros, en los \u201cbebederos de mariposas\u201d donde obtienen agua rica en sales minerales con la que complementan la dieta.<\/p>\t\t\t\t\t\t<\/div>\n\t\t\t\t<\/div>\n\t\t\t\t<\/div>\n\t\t\t\t\t<\/div>\n\t\t\t\t<\/div>\n\t\t<div class=\"elementor-element elementor-element-3c01f1c e-flex e-con-boxed e-con e-parent\" data-id=\"3c01f1c\" data-element_type=\"container\" data-settings=\"{&quot;content_width&quot;:&quot;boxed&quot;}\" data-core-v316-plus=\"true\">\n\t\t\t\t\t<div class=\"e-con-inner\">\n\t\t\t\t<div class=\"elementor-element elementor-element-abdd026 elementor-widget elementor-widget-accordion\" data-id=\"abdd026\" data-element_type=\"widget\" data-widget_type=\"accordion.default\">\n\t\t\t\t<div class=\"elementor-widget-container\">\n\t\t\t<style>\/*! elementor - v3.17.0 - 08-11-2023 *\/\n.elementor-accordion{text-align:left}.elementor-accordion .elementor-accordion-item{border:1px solid #d5d8dc}.elementor-accordion .elementor-accordion-item+.elementor-accordion-item{border-top:none}.elementor-accordion .elementor-tab-title{margin:0;padding:15px 20px;font-weight:700;line-height:1;cursor:pointer;outline:none}.elementor-accordion .elementor-tab-title .elementor-accordion-icon{display:inline-block;width:1.5em}.elementor-accordion .elementor-tab-title .elementor-accordion-icon svg{width:1em;height:1em}.elementor-accordion .elementor-tab-title .elementor-accordion-icon.elementor-accordion-icon-right{float:right;text-align:right}.elementor-accordion .elementor-tab-title .elementor-accordion-icon.elementor-accordion-icon-left{float:left;text-align:left}.elementor-accordion .elementor-tab-title .elementor-accordion-icon .elementor-accordion-icon-closed{display:block}.elementor-accordion .elementor-tab-title .elementor-accordion-icon .elementor-accordion-icon-opened,.elementor-accordion .elementor-tab-title.elementor-active .elementor-accordion-icon-closed{display:none}.elementor-accordion .elementor-tab-title.elementor-active .elementor-accordion-icon-opened{display:block}.elementor-accordion .elementor-tab-content{display:none;padding:15px 20px;border-top:1px solid #d5d8dc}@media (max-width:767px){.elementor-accordion .elementor-tab-title{padding:12px 15px}.elementor-accordion .elementor-tab-title .elementor-accordion-icon{width:1.2em}.elementor-accordion .elementor-tab-content{padding:7px 15px}}.e-con-inner>.elementor-widget-accordion,.e-con>.elementor-widget-accordion{width:var(--container-widget-width);--flex-grow:var(--container-widget-flex-grow)}<\/style>\t\t<div class=\"elementor-accordion\">\n\t\t\t\t\t\t\t<div class=\"elementor-accordion-item\">\n\t\t\t\t\t<div id=\"elementor-tab-title-1801\" class=\"elementor-tab-title\" data-tab=\"1\" role=\"button\" aria-controls=\"elementor-tab-content-1801\" aria-expanded=\"false\">\n\t\t\t\t\t\t\t\t\t\t\t\t\t<span class=\"elementor-accordion-icon elementor-accordion-icon-left\" aria-hidden=\"true\">\n\t\t\t\t\t\t\t\t\t\t\t\t\t\t\t<span class=\"elementor-accordion-icon-closed\"><i class=\"fas fa-plus\"><\/i><\/span>\n\t\t\t\t\t\t\t\t<span class=\"elementor-accordion-icon-opened\"><i class=\"fas fa-minus\"><\/i><\/span>\n\t\t\t\t\t\t\t\t\t\t\t\t\t\t<\/span>\n\t\t\t\t\t\t\t\t\t\t\t\t<a class=\"elementor-accordion-title\" tabindex=\"0\">Bibliograf\u00eda<\/a>\n\t\t\t\t\t<\/div>\n\t\t\t\t\t<div id=\"elementor-tab-content-1801\" class=\"elementor-tab-content elementor-clearfix\" data-tab=\"1\" role=\"region\" aria-labelledby=\"elementor-tab-title-1801\"><p><a href=\"https:\/\/santandernatural.es\/recursos\/especies-stv\/icaro-stv\/\">https:\/\/santandernatural.es\/recursos\/especies-stv\/icaro-stv\/<\/a><\/p><p><a href=\"https:\/\/sierradebaza.org\/fichas-tecnicas\/fichas-de-fauna\/fichas-mariposas\/licenidos\/icaro-polyommatus-icarus\">https:\/\/sierradebaza.org\/fichas-tecnicas\/fichas-de-fauna\/fichas-mariposas\/licenidos\/icaro-polyommatus-icarus<\/a><\/p><\/div>\n\t\t\t\t<\/div>\n\t\t\t\t\t\t\t\t<\/div>\n\t\t\t\t<\/div>\n\t\t\t\t<\/div>\n\t\t\t\t\t<\/div>\n\t\t\t\t<\/div>\n\t\t\t\t\t\t\t<\/div>\n\t\t","protected":false},"excerpt":{"rendered":"<p>\u00cdCARO Polyommatus icarus Ilustrado por Jennyfer Vignoly Vaca (Instagram: @jenny_vignoly6) La Mariposa \u00cdcaro o simplemente \u00cdcaro, es un peque\u00f1o lepid\u00f3ptero perteneciente a la familia de los lic\u00e9nidos, reconocibles por su reducido tama\u00f1o y bonito dise\u00f1o. La parte superior de las alas es de un tono azul celeste brillante en los machos, con un borde blanco &hellip;<\/p>\n<p class=\"read-more\"> <a class=\"\" href=\"https:\/\/proyectopoliniza.es\/?page_id=1816\"> <span class=\"screen-reader-text\">jennifer<\/span> Leer m\u00e1s &raquo;<\/a><\/p>\n","protected":false},"author":1,"featured_media":0,"parent":0,"menu_order":0,"comment_status":"closed","ping_status":"closed","template":"","meta":{"_uag_custom_page_level_css":"","site-sidebar-layout":"no-sidebar","site-content-layout":"page-builder","ast-site-content-layout":"full-width-container","site-content-style":"default","site-sidebar-style":"default","ast-global-header-display":"","ast-banner-title-visibility":"","ast-main-header-display":"","ast-hfb-above-header-display":"","ast-hfb-below-header-display":"","ast-hfb-mobile-header-display":"","site-post-title":"disabled","ast-breadcrumbs-content":"","ast-featured-img":"disabled","footer-sml-layout":"","theme-transparent-header-meta":"","adv-header-id-meta":"","stick-header-meta":"","header-above-stick-meta":"","header-main-stick-meta":"","header-below-stick-meta":"","astra-migrate-meta-layouts":"set","ast-page-background-enabled":"default","ast-page-background-meta":{"desktop":{"background-color":"","background-image":"","background-repeat":"repeat","background-position":"center center","background-size":"auto","background-attachment":"scroll","background-type":"","background-media":"","overlay-type":"","overlay-color":"","overlay-gradient":""},"tablet":{"background-color":"","background-image":"","background-repeat":"repeat","background-position":"center center","background-size":"auto","background-attachment":"scroll","background-type":"","background-media":"","overlay-type":"","overlay-color":"","overlay-gradient":""},"mobile":{"background-color":"","background-image":"","background-repeat":"repeat","background-position":"center center","background-size":"auto","background-attachment":"scroll","background-type":"","background-media":"","overlay-type":"","overlay-color":"","overlay-gradient":""}},"ast-content-background-meta":{"desktop":{"background-color":"var(--ast-global-color-5)","background-image":"","background-repeat":"repeat","background-position":"center center","background-size":"auto","background-attachment":"scroll","background-type":"","background-media":"","overlay-type":"","overlay-color":"","overlay-gradient":""},"tablet":{"background-color":"var(--ast-global-color-5)","background-image":"","background-repeat":"repeat","background-position":"center center","background-size":"auto","background-attachment":"scroll","background-type":"","background-media":"","overlay-type":"","overlay-color":"","overlay-gradient":""},"mobile":{"background-color":"var(--ast-global-color-5)","background-image":"","background-repeat":"repeat","background-position":"center center","background-size":"auto","background-attachment":"scroll","background-type":"","background-media":"","overlay-type":"","overlay-color":"","overlay-gradient":""}},"footnotes":""},"uagb_featured_image_src":{"full":false,"thumbnail":false,"medium":false,"medium_large":false,"large":false,"1536x1536":false,"2048x2048":false},"uagb_author_info":{"display_name":"proyectopoliniza.es","author_link":"https:\/\/proyectopoliniza.es\/?author=1"},"uagb_comment_info":0,"uagb_excerpt":"\u00cdCARO Polyommatus icarus Ilustrado por Jennyfer Vignoly Vaca (Instagram: @jenny_vignoly6) La Mariposa \u00cdcaro o simplemente \u00cdcaro, es un peque\u00f1o lepid\u00f3ptero perteneciente a la familia de los lic\u00e9nidos, reconocibles por su reducido tama\u00f1o y bonito dise\u00f1o. La parte superior de las alas es de un tono azul celeste brillante en los machos, con un borde blanco&hellip;","_links":{"self":[{"href":"https:\/\/proyectopoliniza.es\/index.php?rest_route=\/wp\/v2\/pages\/1816"}],"collection":[{"href":"https:\/\/proyectopoliniza.es\/index.php?rest_route=\/wp\/v2\/pages"}],"about":[{"href":"https:\/\/proyectopoliniza.es\/index.php?rest_route=\/wp\/v2\/types\/page"}],"author":[{"embeddable":true,"href":"https:\/\/proyectopoliniza.es\/index.php?rest_route=\/wp\/v2\/users\/1"}],"replies":[{"embeddable":true,"href":"https:\/\/proyectopoliniza.es\/index.php?rest_route=%2Fwp%2Fv2%2Fcomments&post=1816"}],"version-history":[{"count":28,"href":"https:\/\/proyectopoliniza.es\/index.php?rest_route=\/wp\/v2\/pages\/1816\/revisions"}],"predecessor-version":[{"id":2708,"href":"https:\/\/proyectopoliniza.es\/index.php?rest_route=\/wp\/v2\/pages\/1816\/revisions\/2708"}],"wp:attachment":[{"href":"https:\/\/proyectopoliniza.es\/index.php?rest_route=%2Fwp%2Fv2%2Fmedia&parent=1816"}],"curies":[{"name":"wp","href":"https:\/\/api.w.org\/{rel}","templated":true}]}}