{"id":1469,"date":"2023-11-12T00:17:00","date_gmt":"2023-11-11T23:17:00","guid":{"rendered":"https:\/\/proyectopoliniza.es\/?page_id=1469"},"modified":"2023-12-18T14:10:51","modified_gmt":"2023-12-18T13:10:51","slug":"abeja-solitaris","status":"publish","type":"page","link":"https:\/\/proyectopoliniza.es\/?page_id=1469","title":{"rendered":"ABEJA SOLITARIS"},"content":{"rendered":"\t\t<div data-elementor-type=\"wp-page\" data-elementor-id=\"1469\" class=\"elementor elementor-1469\">\n\t\t\t\t\t\t\t<div class=\"elementor-element elementor-element-535fecc e-flex e-con-boxed e-con e-parent\" data-id=\"535fecc\" data-element_type=\"container\" data-settings=\"{&quot;content_width&quot;:&quot;boxed&quot;}\" data-core-v316-plus=\"true\">\n\t\t\t\t\t<div class=\"e-con-inner\">\n\t\t\t\t<div class=\"elementor-element elementor-element-16dd324 elementor-widget__width-initial elementor-widget elementor-widget-image\" data-id=\"16dd324\" data-element_type=\"widget\" data-widget_type=\"image.default\">\n\t\t\t\t<div class=\"elementor-widget-container\">\n\t\t\t<style>\/*! elementor - v3.17.0 - 08-11-2023 *\/\n.elementor-widget-image{text-align:center}.elementor-widget-image a{display:inline-block}.elementor-widget-image a img[src$=\".svg\"]{width:48px}.elementor-widget-image img{vertical-align:middle;display:inline-block}<\/style>\t\t\t\t\t\t\t\t\t\t\t\t<img fetchpriority=\"high\" decoding=\"async\" width=\"1024\" height=\"774\" src=\"https:\/\/proyectopoliniza.es\/wp-content\/uploads\/2023\/12\/Lau-1024x774.png\" class=\"attachment-large size-large wp-image-1874\" alt=\"\" srcset=\"https:\/\/proyectopoliniza.es\/wp-content\/uploads\/2023\/12\/Lau-1024x774.png 1024w, https:\/\/proyectopoliniza.es\/wp-content\/uploads\/2023\/12\/Lau-300x227.png 300w, https:\/\/proyectopoliniza.es\/wp-content\/uploads\/2023\/12\/Lau-768x580.png 768w, https:\/\/proyectopoliniza.es\/wp-content\/uploads\/2023\/12\/Lau-1536x1161.png 1536w, https:\/\/proyectopoliniza.es\/wp-content\/uploads\/2023\/12\/Lau-2048x1547.png 2048w\" sizes=\"(max-width: 1024px) 100vw, 1024px\" \/>\t\t\t\t\t\t\t\t\t\t\t\t\t\t\t<\/div>\n\t\t\t\t<\/div>\n\t\t\t\t\t<\/div>\n\t\t\t\t<\/div>\n\t\t<div class=\"elementor-element elementor-element-1ce24ba e-flex e-con-boxed e-con e-parent\" data-id=\"1ce24ba\" data-element_type=\"container\" data-settings=\"{&quot;content_width&quot;:&quot;boxed&quot;}\" data-core-v316-plus=\"true\">\n\t\t\t\t\t<div class=\"e-con-inner\">\n\t\t\t\t<div class=\"elementor-element elementor-element-7d6d3ce elementor-widget elementor-widget-heading\" data-id=\"7d6d3ce\" data-element_type=\"widget\" data-widget_type=\"heading.default\">\n\t\t\t\t<div class=\"elementor-widget-container\">\n\t\t\t<style>\/*! elementor - v3.17.0 - 08-11-2023 *\/\n.elementor-heading-title{padding:0;margin:0;line-height:1}.elementor-widget-heading .elementor-heading-title[class*=elementor-size-]>a{color:inherit;font-size:inherit;line-height:inherit}.elementor-widget-heading .elementor-heading-title.elementor-size-small{font-size:15px}.elementor-widget-heading .elementor-heading-title.elementor-size-medium{font-size:19px}.elementor-widget-heading .elementor-heading-title.elementor-size-large{font-size:29px}.elementor-widget-heading .elementor-heading-title.elementor-size-xl{font-size:39px}.elementor-widget-heading .elementor-heading-title.elementor-size-xxl{font-size:59px}<\/style><h2 class=\"elementor-heading-title elementor-size-default\">Abejas solitarias<\/h2>\t\t<\/div>\n\t\t\t\t<\/div>\n\t\t\t\t\t<\/div>\n\t\t\t\t<\/div>\n\t\t<div class=\"elementor-element elementor-element-226bdcc e-flex e-con-boxed e-con e-parent\" data-id=\"226bdcc\" data-element_type=\"container\" data-settings=\"{&quot;content_width&quot;:&quot;boxed&quot;}\" data-core-v316-plus=\"true\">\n\t\t\t\t\t<div class=\"e-con-inner\">\n\t\t\t\t<div class=\"elementor-element elementor-element-fd34e14 elementor-widget elementor-widget-heading\" data-id=\"fd34e14\" data-element_type=\"widget\" data-widget_type=\"heading.default\">\n\t\t\t\t<div class=\"elementor-widget-container\">\n\t\t\t<h2 class=\"elementor-heading-title elementor-size-small\">Ilustrado por Laura Gonz\u00e1lez Guerra (Instagram: @arannameadows)<\/h2>\t\t<\/div>\n\t\t\t\t<\/div>\n\t\t\t\t\t<\/div>\n\t\t\t\t<\/div>\n\t\t<div class=\"elementor-element elementor-element-25cdabf e-flex e-con-boxed e-con e-parent\" data-id=\"25cdabf\" data-element_type=\"container\" data-settings=\"{&quot;content_width&quot;:&quot;boxed&quot;}\" data-core-v316-plus=\"true\">\n\t\t\t\t\t<div class=\"e-con-inner\">\n\t\t\t\t<div class=\"elementor-element elementor-element-55e25a2 elementor-widget elementor-widget-text-editor\" data-id=\"55e25a2\" data-element_type=\"widget\" data-widget_type=\"text-editor.default\">\n\t\t\t\t<div class=\"elementor-widget-container\">\n\t\t\t<style>\/*! elementor - v3.17.0 - 08-11-2023 *\/\n.elementor-widget-text-editor.elementor-drop-cap-view-stacked .elementor-drop-cap{background-color:#69727d;color:#fff}.elementor-widget-text-editor.elementor-drop-cap-view-framed .elementor-drop-cap{color:#69727d;border:3px solid;background-color:transparent}.elementor-widget-text-editor:not(.elementor-drop-cap-view-default) .elementor-drop-cap{margin-top:8px}.elementor-widget-text-editor:not(.elementor-drop-cap-view-default) .elementor-drop-cap-letter{width:1em;height:1em}.elementor-widget-text-editor .elementor-drop-cap{float:left;text-align:center;line-height:1;font-size:50px}.elementor-widget-text-editor .elementor-drop-cap-letter{display:inline-block}<\/style>\t\t\t\t<p>Las abejas solitarias engloban muchos g\u00e9neros de abejas, no se organizan en colmenas, y cada hembra es f\u00e9rtil (capaz de producir descendencia propia). Las hembras t\u00edpicamente crean un compartimiento (una \u2018celda\u2019) con un huevo y algunas provisiones para la larva resultante, luego la sella. Un nido puede constar de numerosas celdas. Cuando el nido est\u00e1 en madera, generalmente los \u00faltimos (los m\u00e1s cercanos a la entrada) contienen huevos que se convertir\u00e1n en machos. La abeja solitaria adulta no cuida a la cr\u00eda una vez que se pone el huevo y generalmente muere despu\u00e9s de hacer uno o m\u00e1s nidos. Los machos generalmente emergen primero y est\u00e1n listos para aparearse cuando emergen las hembras.<\/p><p><b><span data-contrast=\"auto\">CURIOSIDADES<\/span><\/b><span data-ccp-props=\"{&quot;134233117&quot;:false,&quot;201341983&quot;:0,&quot;335559737&quot;:567,&quot;335559738&quot;:120,&quot;335559739&quot;:160,&quot;335559740&quot;:259}\">\u00a0<\/span><\/p><p>Las abejas solitarias constituyen el mayor porcentaje de la poblaci\u00f3n de abejas, con el 90% de las abejas en la categor\u00eda solitaria.<\/p><p>En Espa\u00f1a hay m\u00e1s de 1100 especies de abejas solitarias nativas\u00a0 que tambi\u00e9n contribuyen a la polinizaci\u00f3n de los cultivos\u00a0 \u00a0y entre 20.000 y 30.000 especies diferentes en todo el mundo, incluidas las abejas alba\u00f1iles, cortadoras de hojas, abejas mineras, abejas caras blanca, abejas cardadoras, abejas excavadoras y muchas m\u00e1s.<\/p>\t\t\t\t\t\t<\/div>\n\t\t\t\t<\/div>\n\t\t\t\t<div class=\"elementor-element elementor-element-9f38f4e elementor-widget elementor-widget-spacer\" data-id=\"9f38f4e\" data-element_type=\"widget\" data-widget_type=\"spacer.default\">\n\t\t\t\t<div class=\"elementor-widget-container\">\n\t\t\t<style>\/*! elementor - v3.17.0 - 08-11-2023 *\/\n.elementor-column .elementor-spacer-inner{height:var(--spacer-size)}.e-con{--container-widget-width:100%}.e-con-inner>.elementor-widget-spacer,.e-con>.elementor-widget-spacer{width:var(--container-widget-width,var(--spacer-size));--align-self:var(--container-widget-align-self,initial);--flex-shrink:0}.e-con-inner>.elementor-widget-spacer>.elementor-widget-container,.e-con>.elementor-widget-spacer>.elementor-widget-container{height:100%;width:100%}.e-con-inner>.elementor-widget-spacer>.elementor-widget-container>.elementor-spacer,.e-con>.elementor-widget-spacer>.elementor-widget-container>.elementor-spacer{height:100%}.e-con-inner>.elementor-widget-spacer>.elementor-widget-container>.elementor-spacer>.elementor-spacer-inner,.e-con>.elementor-widget-spacer>.elementor-widget-container>.elementor-spacer>.elementor-spacer-inner{height:var(--container-widget-height,var(--spacer-size))}.e-con-inner>.elementor-widget-spacer.elementor-widget-empty,.e-con>.elementor-widget-spacer.elementor-widget-empty{position:relative;min-height:22px;min-width:22px}.e-con-inner>.elementor-widget-spacer.elementor-widget-empty .elementor-widget-empty-icon,.e-con>.elementor-widget-spacer.elementor-widget-empty .elementor-widget-empty-icon{position:absolute;top:0;bottom:0;left:0;right:0;margin:auto;padding:0;width:22px;height:22px}<\/style>\t\t<div class=\"elementor-spacer\">\n\t\t\t<div class=\"elementor-spacer-inner\"><\/div>\n\t\t<\/div>\n\t\t\t\t<\/div>\n\t\t\t\t<\/div>\n\t\t\t\t\t<\/div>\n\t\t\t\t<\/div>\n\t\t<div class=\"elementor-element elementor-element-7d4a977 e-flex e-con-boxed e-con e-parent\" data-id=\"7d4a977\" data-element_type=\"container\" data-settings=\"{&quot;content_width&quot;:&quot;boxed&quot;}\" data-core-v316-plus=\"true\">\n\t\t\t\t\t<div class=\"e-con-inner\">\n\t\t\t\t<div class=\"elementor-element elementor-element-8c565f3 elementor-widget elementor-widget-button\" data-id=\"8c565f3\" data-element_type=\"widget\" data-widget_type=\"button.default\">\n\t\t\t\t<div class=\"elementor-widget-container\">\n\t\t\t\t\t<div class=\"elementor-button-wrapper\">\n\t\t\t<a class=\"elementor-button elementor-button-link elementor-size-sm\" href=\"https:\/\/diario.madrid.es\/huertosescolares\/2020\/03\/05\/el-mundo-de-las-abejas-solitarias-2\/\" target=\"_blank\">\n\t\t\t\t\t\t<span class=\"elementor-button-content-wrapper\">\n\t\t\t\t\t\t<span class=\"elementor-button-text\">Bibliograf\u00eda<\/span>\n\t\t<\/span>\n\t\t\t\t\t<\/a>\n\t\t<\/div>\n\t\t\t\t<\/div>\n\t\t\t\t<\/div>\n\t\t\t\t\t<\/div>\n\t\t\t\t<\/div>\n\t\t\t\t\t\t\t<\/div>\n\t\t","protected":false},"excerpt":{"rendered":"<p>Abejas solitarias Ilustrado por Laura Gonz\u00e1lez Guerra (Instagram: @arannameadows) Las abejas solitarias engloban muchos g\u00e9neros de abejas, no se organizan en colmenas, y cada hembra es f\u00e9rtil (capaz de producir descendencia propia). Las hembras t\u00edpicamente crean un compartimiento (una \u2018celda\u2019) con un huevo y algunas provisiones para la larva resultante, luego la sella. Un nido &hellip;<\/p>\n<p class=\"read-more\"> <a class=\"\" href=\"https:\/\/proyectopoliniza.es\/?page_id=1469\"> <span class=\"screen-reader-text\">ABEJA SOLITARIS<\/span> Leer m\u00e1s &raquo;<\/a><\/p>\n","protected":false},"author":1,"featured_media":0,"parent":0,"menu_order":0,"comment_status":"closed","ping_status":"closed","template":"","meta":{"_uag_custom_page_level_css":"","site-sidebar-layout":"no-sidebar","site-content-layout":"page-builder","ast-site-content-layout":"full-width-container","site-content-style":"default","site-sidebar-style":"default","ast-global-header-display":"","ast-banner-title-visibility":"","ast-main-header-display":"","ast-hfb-above-header-display":"","ast-hfb-below-header-display":"","ast-hfb-mobile-header-display":"","site-post-title":"disabled","ast-breadcrumbs-content":"","ast-featured-img":"disabled","footer-sml-layout":"","theme-transparent-header-meta":"","adv-header-id-meta":"","stick-header-meta":"","header-above-stick-meta":"","header-main-stick-meta":"","header-below-stick-meta":"","astra-migrate-meta-layouts":"set","ast-page-background-enabled":"default","ast-page-background-meta":{"desktop":{"background-color":"","background-image":"","background-repeat":"repeat","background-position":"center center","background-size":"auto","background-attachment":"scroll","background-type":"","background-media":"","overlay-type":"","overlay-color":"","overlay-gradient":""},"tablet":{"background-color":"","background-image":"","background-repeat":"repeat","background-position":"center center","background-size":"auto","background-attachment":"scroll","background-type":"","background-media":"","overlay-type":"","overlay-color":"","overlay-gradient":""},"mobile":{"background-color":"","background-image":"","background-repeat":"repeat","background-position":"center center","background-size":"auto","background-attachment":"scroll","background-type":"","background-media":"","overlay-type":"","overlay-color":"","overlay-gradient":""}},"ast-content-background-meta":{"desktop":{"background-color":"var(--ast-global-color-5)","background-image":"","background-repeat":"repeat","background-position":"center center","background-size":"auto","background-attachment":"scroll","background-type":"","background-media":"","overlay-type":"","overlay-color":"","overlay-gradient":""},"tablet":{"background-color":"var(--ast-global-color-5)","background-image":"","background-repeat":"repeat","background-position":"center center","background-size":"auto","background-attachment":"scroll","background-type":"","background-media":"","overlay-type":"","overlay-color":"","overlay-gradient":""},"mobile":{"background-color":"var(--ast-global-color-5)","background-image":"","background-repeat":"repeat","background-position":"center center","background-size":"auto","background-attachment":"scroll","background-type":"","background-media":"","overlay-type":"","overlay-color":"","overlay-gradient":""}},"footnotes":""},"uagb_featured_image_src":{"full":false,"thumbnail":false,"medium":false,"medium_large":false,"large":false,"1536x1536":false,"2048x2048":false},"uagb_author_info":{"display_name":"proyectopoliniza.es","author_link":"https:\/\/proyectopoliniza.es\/?author=1"},"uagb_comment_info":0,"uagb_excerpt":"Abejas solitarias Ilustrado por Laura Gonz\u00e1lez Guerra (Instagram: @arannameadows) Las abejas solitarias engloban muchos g\u00e9neros de abejas, no se organizan en colmenas, y cada hembra es f\u00e9rtil (capaz de producir descendencia propia). Las hembras t\u00edpicamente crean un compartimiento (una \u2018celda\u2019) con un huevo y algunas provisiones para la larva resultante, luego la sella. Un nido&hellip;","_links":{"self":[{"href":"https:\/\/proyectopoliniza.es\/index.php?rest_route=\/wp\/v2\/pages\/1469"}],"collection":[{"href":"https:\/\/proyectopoliniza.es\/index.php?rest_route=\/wp\/v2\/pages"}],"about":[{"href":"https:\/\/proyectopoliniza.es\/index.php?rest_route=\/wp\/v2\/types\/page"}],"author":[{"embeddable":true,"href":"https:\/\/proyectopoliniza.es\/index.php?rest_route=\/wp\/v2\/users\/1"}],"replies":[{"embeddable":true,"href":"https:\/\/proyectopoliniza.es\/index.php?rest_route=%2Fwp%2Fv2%2Fcomments&post=1469"}],"version-history":[{"count":47,"href":"https:\/\/proyectopoliniza.es\/index.php?rest_route=\/wp\/v2\/pages\/1469\/revisions"}],"predecessor-version":[{"id":2702,"href":"https:\/\/proyectopoliniza.es\/index.php?rest_route=\/wp\/v2\/pages\/1469\/revisions\/2702"}],"wp:attachment":[{"href":"https:\/\/proyectopoliniza.es\/index.php?rest_route=%2Fwp%2Fv2%2Fmedia&parent=1469"}],"curies":[{"name":"wp","href":"https:\/\/api.w.org\/{rel}","templated":true}]}}