{"id":1467,"date":"2023-11-12T00:17:00","date_gmt":"2023-11-11T23:17:00","guid":{"rendered":"https:\/\/proyectopoliniza.es\/?page_id=1467"},"modified":"2023-12-07T13:57:19","modified_gmt":"2023-12-07T12:57:19","slug":"antofilos-2","status":"publish","type":"page","link":"https:\/\/proyectopoliniza.es\/?page_id=1467","title":{"rendered":"ANT\u00d3FILOS"},"content":{"rendered":"\t\t<div data-elementor-type=\"wp-page\" data-elementor-id=\"1467\" class=\"elementor elementor-1467\">\n\t\t\t\t\t\t\t<div class=\"elementor-element elementor-element-17f4e53 e-flex e-con-boxed e-con e-parent\" data-id=\"17f4e53\" data-element_type=\"container\" data-settings=\"{&quot;background_background&quot;:&quot;classic&quot;,&quot;content_width&quot;:&quot;boxed&quot;}\" data-core-v316-plus=\"true\">\n\t\t\t\t\t<div class=\"e-con-inner\">\n\t\t<div class=\"elementor-element elementor-element-7489559 e-con-full e-flex e-con e-child\" data-id=\"7489559\" data-element_type=\"container\" data-settings=\"{&quot;content_width&quot;:&quot;full&quot;}\">\n\t\t\t\t<div class=\"elementor-element elementor-element-00453e7 elementor-widget elementor-widget-heading\" data-id=\"00453e7\" data-element_type=\"widget\" data-widget_type=\"heading.default\">\n\t\t\t\t<div class=\"elementor-widget-container\">\n\t\t\t<style>\/*! elementor - v3.17.0 - 08-11-2023 *\/\n.elementor-heading-title{padding:0;margin:0;line-height:1}.elementor-widget-heading .elementor-heading-title[class*=elementor-size-]>a{color:inherit;font-size:inherit;line-height:inherit}.elementor-widget-heading .elementor-heading-title.elementor-size-small{font-size:15px}.elementor-widget-heading .elementor-heading-title.elementor-size-medium{font-size:19px}.elementor-widget-heading .elementor-heading-title.elementor-size-large{font-size:29px}.elementor-widget-heading .elementor-heading-title.elementor-size-xl{font-size:39px}.elementor-widget-heading .elementor-heading-title.elementor-size-xxl{font-size:59px}<\/style><h1 class=\"elementor-heading-title elementor-size-default\">HYMEN\u00d3PTEROS<\/h1>\t\t<\/div>\n\t\t\t\t<\/div>\n\t\t\t\t<\/div>\n\t\t\t\t\t<\/div>\n\t\t\t\t<\/div>\n\t\t<div class=\"elementor-element elementor-element-73c100b e-flex e-con-boxed e-con e-parent\" data-id=\"73c100b\" data-element_type=\"container\" data-settings=\"{&quot;content_width&quot;:&quot;boxed&quot;}\" data-core-v316-plus=\"true\">\n\t\t\t\t\t<div class=\"e-con-inner\">\n\t\t<div class=\"elementor-element elementor-element-923522f e-con-full e-flex e-con e-child\" data-id=\"923522f\" data-element_type=\"container\" data-settings=\"{&quot;content_width&quot;:&quot;full&quot;}\">\n\t\t<div class=\"elementor-element elementor-element-5ebebd2 e-flex e-con-boxed e-con e-child\" data-id=\"5ebebd2\" data-element_type=\"container\" data-settings=\"{&quot;content_width&quot;:&quot;boxed&quot;}\">\n\t\t\t\t\t<div class=\"e-con-inner\">\n\t\t\t\t<div class=\"elementor-element elementor-element-1875317 elementor-widget elementor-widget-heading\" data-id=\"1875317\" data-element_type=\"widget\" data-widget_type=\"heading.default\">\n\t\t\t\t<div class=\"elementor-widget-container\">\n\t\t\t<h2 class=\"elementor-heading-title elementor-size-default\">DESCRIPCI\u00d3N<\/h2>\t\t<\/div>\n\t\t\t\t<\/div>\n\t\t\t\t\t<\/div>\n\t\t\t\t<\/div>\n\t\t<div class=\"elementor-element elementor-element-0eff6c0 e-flex e-con-boxed e-con e-child\" data-id=\"0eff6c0\" data-element_type=\"container\" data-settings=\"{&quot;content_width&quot;:&quot;boxed&quot;}\">\n\t\t\t\t\t<div class=\"e-con-inner\">\n\t\t\t\t<div class=\"elementor-element elementor-element-e999020 elementor-widget elementor-widget-text-editor\" data-id=\"e999020\" data-element_type=\"widget\" data-widget_type=\"text-editor.default\">\n\t\t\t\t<div class=\"elementor-widget-container\">\n\t\t\t<style>\/*! elementor - v3.17.0 - 08-11-2023 *\/\n.elementor-widget-text-editor.elementor-drop-cap-view-stacked .elementor-drop-cap{background-color:#69727d;color:#fff}.elementor-widget-text-editor.elementor-drop-cap-view-framed .elementor-drop-cap{color:#69727d;border:3px solid;background-color:transparent}.elementor-widget-text-editor:not(.elementor-drop-cap-view-default) .elementor-drop-cap{margin-top:8px}.elementor-widget-text-editor:not(.elementor-drop-cap-view-default) .elementor-drop-cap-letter{width:1em;height:1em}.elementor-widget-text-editor .elementor-drop-cap{float:left;text-align:center;line-height:1;font-size:50px}.elementor-widget-text-editor .elementor-drop-cap-letter{display:inline-block}<\/style>\t\t\t\t<p>Constituyen uno de los \u00f3rdenes m\u00e1s numerosos de insectos, con unas 153,000 especies descritas (132 familias, 8423 g\u00e9neros) y m\u00e1s de 2000 especies extintas. Comprende a las abejas, abejorros, avispas y hormigas, entre otros.<\/p>\t\t\t\t\t\t<\/div>\n\t\t\t\t<\/div>\n\t\t\t\t\t<\/div>\n\t\t\t\t<\/div>\n\t\t\t\t<\/div>\n\t\t\t\t\t<\/div>\n\t\t\t\t<\/div>\n\t\t<div class=\"elementor-element elementor-element-fb90604 e-flex e-con-boxed e-con e-parent\" data-id=\"fb90604\" data-element_type=\"container\" data-settings=\"{&quot;content_width&quot;:&quot;boxed&quot;}\" data-core-v316-plus=\"true\">\n\t\t\t\t\t<div class=\"e-con-inner\">\n\t\t<div class=\"elementor-element elementor-element-f59bc68 e-con-full e-flex e-con e-child\" data-id=\"f59bc68\" data-element_type=\"container\" data-settings=\"{&quot;content_width&quot;:&quot;full&quot;}\">\n\t\t<div class=\"elementor-element elementor-element-e12230b e-flex e-con-boxed e-con e-child\" data-id=\"e12230b\" data-element_type=\"container\" data-settings=\"{&quot;content_width&quot;:&quot;boxed&quot;}\">\n\t\t\t\t\t<div class=\"e-con-inner\">\n\t\t\t\t<div class=\"elementor-element elementor-element-e42bb9e elementor-widget elementor-widget-heading\" data-id=\"e42bb9e\" data-element_type=\"widget\" data-widget_type=\"heading.default\">\n\t\t\t\t<div class=\"elementor-widget-container\">\n\t\t\t<h2 class=\"elementor-heading-title elementor-size-default\">CARACTER\u00cdSTICAS<\/h2>\t\t<\/div>\n\t\t\t\t<\/div>\n\t\t\t\t\t<\/div>\n\t\t\t\t<\/div>\n\t\t<div class=\"elementor-element elementor-element-f276c5e e-flex e-con-boxed e-con e-child\" data-id=\"f276c5e\" data-element_type=\"container\" data-settings=\"{&quot;content_width&quot;:&quot;boxed&quot;}\">\n\t\t\t\t\t<div class=\"e-con-inner\">\n\t\t\t\t<div class=\"elementor-element elementor-element-a3f4636 elementor-widget__width-initial elementor-widget elementor-widget-text-editor\" data-id=\"a3f4636\" data-element_type=\"widget\" data-widget_type=\"text-editor.default\">\n\t\t\t\t<div class=\"elementor-widget-container\">\n\t\t\t\t\t\t\t<p>Estos insectos poseen cuatro alas membranosas, que durante el vuelo se mantienen acopladas entre s\u00ed por medio de peque\u00f1os ganchos (hamulas). Tienen mand\u00edbulas para morder u otras piezas bucales para sorber l\u00edquidos. Las antenas generalmente son largas y con m\u00e1s de 10 segmentos. Los tarsos suelen tener cinco segmentos.<\/p><p>En la mayor\u00eda de las especies, el primer segmento abdominal se halla separado del resto del abdomen por un estrechamiento largo y delgado, el peciolo.<\/p><p>Poseen en el abdomen \u00f3rganos especiales, que pueden ser perforantes para la ovoposici\u00f3n (sierras u oviscaptos) o vulnerantes (aguijones).<\/p><p>Las larvas son \u00e1podas en general, y las ninfas suelen envolverse en un capullo. La metamorfosis es completa. La fecundidad suele ser muy elevada, y los huevos no fecundados dan lugar a ejemplares machos (partenog\u00e9nesis facultativa).<\/p>\t\t\t\t\t\t<\/div>\n\t\t\t\t<\/div>\n\t\t\t\t\t<\/div>\n\t\t\t\t<\/div>\n\t\t\t\t<\/div>\n\t\t\t\t\t<\/div>\n\t\t\t\t<\/div>\n\t\t\t\t\t\t\t<\/div>\n\t\t","protected":false},"excerpt":{"rendered":"<p>HYMEN\u00d3PTEROS DESCRIPCI\u00d3N Constituyen uno de los \u00f3rdenes m\u00e1s numerosos de insectos, con unas 153,000 especies descritas (132 familias, 8423 g\u00e9neros) y m\u00e1s de 2000 especies extintas. Comprende a las abejas, abejorros, avispas y hormigas, entre otros. CARACTER\u00cdSTICAS Estos insectos poseen cuatro alas membranosas, que durante el vuelo se mantienen acopladas entre s\u00ed por medio de &hellip;<\/p>\n<p class=\"read-more\"> <a class=\"\" href=\"https:\/\/proyectopoliniza.es\/?page_id=1467\"> <span class=\"screen-reader-text\">ANT\u00d3FILOS<\/span> Leer m\u00e1s &raquo;<\/a><\/p>\n","protected":false},"author":1,"featured_media":0,"parent":0,"menu_order":0,"comment_status":"closed","ping_status":"closed","template":"","meta":{"_uag_custom_page_level_css":"","site-sidebar-layout":"no-sidebar","site-content-layout":"page-builder","ast-site-content-layout":"full-width-container","site-content-style":"default","site-sidebar-style":"default","ast-global-header-display":"","ast-banner-title-visibility":"","ast-main-header-display":"","ast-hfb-above-header-display":"","ast-hfb-below-header-display":"","ast-hfb-mobile-header-display":"","site-post-title":"disabled","ast-breadcrumbs-content":"","ast-featured-img":"disabled","footer-sml-layout":"","theme-transparent-header-meta":"","adv-header-id-meta":"","stick-header-meta":"","header-above-stick-meta":"","header-main-stick-meta":"","header-below-stick-meta":"","astra-migrate-meta-layouts":"","ast-page-background-enabled":"default","ast-page-background-meta":{"desktop":{"background-color":"","background-image":"","background-repeat":"repeat","background-position":"center center","background-size":"auto","background-attachment":"scroll","background-type":"","background-media":"","overlay-type":"","overlay-color":"","overlay-gradient":""},"tablet":{"background-color":"","background-image":"","background-repeat":"repeat","background-position":"center center","background-size":"auto","background-attachment":"scroll","background-type":"","background-media":"","overlay-type":"","overlay-color":"","overlay-gradient":""},"mobile":{"background-color":"","background-image":"","background-repeat":"repeat","background-position":"center center","background-size":"auto","background-attachment":"scroll","background-type":"","background-media":"","overlay-type":"","overlay-color":"","overlay-gradient":""}},"ast-content-background-meta":{"desktop":{"background-color":"var(--ast-global-color-5)","background-image":"","background-repeat":"repeat","background-position":"center center","background-size":"auto","background-attachment":"scroll","background-type":"","background-media":"","overlay-type":"","overlay-color":"","overlay-gradient":""},"tablet":{"background-color":"var(--ast-global-color-5)","background-image":"","background-repeat":"repeat","background-position":"center center","background-size":"auto","background-attachment":"scroll","background-type":"","background-media":"","overlay-type":"","overlay-color":"","overlay-gradient":""},"mobile":{"background-color":"var(--ast-global-color-5)","background-image":"","background-repeat":"repeat","background-position":"center center","background-size":"auto","background-attachment":"scroll","background-type":"","background-media":"","overlay-type":"","overlay-color":"","overlay-gradient":""}},"footnotes":""},"uagb_featured_image_src":{"full":false,"thumbnail":false,"medium":false,"medium_large":false,"large":false,"1536x1536":false,"2048x2048":false},"uagb_author_info":{"display_name":"proyectopoliniza.es","author_link":"https:\/\/proyectopoliniza.es\/?author=1"},"uagb_comment_info":0,"uagb_excerpt":"HYMEN\u00d3PTEROS DESCRIPCI\u00d3N Constituyen uno de los \u00f3rdenes m\u00e1s numerosos de insectos, con unas 153,000 especies descritas (132 familias, 8423 g\u00e9neros) y m\u00e1s de 2000 especies extintas. Comprende a las abejas, abejorros, avispas y hormigas, entre otros. CARACTER\u00cdSTICAS Estos insectos poseen cuatro alas membranosas, que durante el vuelo se mantienen acopladas entre s\u00ed por medio de&hellip;","_links":{"self":[{"href":"https:\/\/proyectopoliniza.es\/index.php?rest_route=\/wp\/v2\/pages\/1467"}],"collection":[{"href":"https:\/\/proyectopoliniza.es\/index.php?rest_route=\/wp\/v2\/pages"}],"about":[{"href":"https:\/\/proyectopoliniza.es\/index.php?rest_route=\/wp\/v2\/types\/page"}],"author":[{"embeddable":true,"href":"https:\/\/proyectopoliniza.es\/index.php?rest_route=\/wp\/v2\/users\/1"}],"replies":[{"embeddable":true,"href":"https:\/\/proyectopoliniza.es\/index.php?rest_route=%2Fwp%2Fv2%2Fcomments&post=1467"}],"version-history":[{"count":35,"href":"https:\/\/proyectopoliniza.es\/index.php?rest_route=\/wp\/v2\/pages\/1467\/revisions"}],"predecessor-version":[{"id":2260,"href":"https:\/\/proyectopoliniza.es\/index.php?rest_route=\/wp\/v2\/pages\/1467\/revisions\/2260"}],"wp:attachment":[{"href":"https:\/\/proyectopoliniza.es\/index.php?rest_route=%2Fwp%2Fv2%2Fmedia&parent=1467"}],"curies":[{"name":"wp","href":"https:\/\/api.w.org\/{rel}","templated":true}]}}